{"id":16007,"date":"2023-12-14T16:03:38","date_gmt":"2023-12-14T16:03:38","guid":{"rendered":"https:\/\/hanson6.co.uk\/imas\/evaluacion\/"},"modified":"2024-01-04T10:26:34","modified_gmt":"2024-01-04T10:26:34","slug":"evaluacion","status":"publish","type":"page","link":"https:\/\/www.mixedabilitysports.org\/es\/evaluacion\/","title":{"rendered":"Evaluaci\u00f3n"},"content":{"rendered":"<p>[et_pb_section fb_built=&#8221;1&#8243; custom_padding_last_edited=&#8221;on|phone&#8221; _builder_version=&#8221;4.19.5&#8243; _module_preset=&#8221;default&#8221; background_color=&#8221;#78ADC1&#8243; background_image=&#8221;https:\/\/www.mixedabilitysports.org\/wp-content\/uploads\/bg-title-5.jpg&#8221; background_position=&#8221;bottom_center&#8221; background_blend=&#8221;overlay&#8221; background_enable_mask_style=&#8221;on&#8221; background_mask_color=&#8221;#FFFFFF&#8221; background_mask_transform=&#8221;invert&#8221; custom_padding=&#8221;1px||0px||false|false&#8221; custom_padding_tablet=&#8221;10px||0px||false|false&#8221; custom_padding_phone=&#8221;10px||0px||false|false&#8221; top_divider_height_tablet=&#8221;80px&#8221; top_divider_height_phone=&#8221;50px&#8221; top_divider_height_last_edited=&#8221;on|desktop&#8221; bottom_divider_style=&#8221;ramp2&#8243; bottom_divider_color=&#8221;#1B475C&#8221; bottom_divider_repeat=&#8221;1x&#8221; bottom_divider_flip=&#8221;horizontal&#8221; bottom_divider_style_tablet=&#8221;ramp2&#8243; bottom_divider_style_phone=&#8221;ramp2&#8243; bottom_divider_style_last_edited=&#8221;on|desktop&#8221; bottom_divider_height_tablet=&#8221;70px&#8221; bottom_divider_height_phone=&#8221;50px&#8221; bottom_divider_height_last_edited=&#8221;on|desktop&#8221; locked=&#8221;off&#8221; global_colors_info=&#8221;{}&#8221;][et_pb_row column_structure=&#8221;1_2,1_2&#8243; use_custom_gutter=&#8221;on&#8221; gutter_width=&#8221;2&#8243; make_equal=&#8221;on&#8221; _builder_version=&#8221;4.19.5&#8243; _module_preset=&#8221;default&#8221; width=&#8221;90%&#8221; max_width=&#8221;90%&#8221; custom_margin=&#8221;20px||0px||false|false&#8221; custom_margin_tablet=&#8221;0px||||false|false&#8221; custom_margin_phone=&#8221;0px||||false|false&#8221; custom_margin_last_edited=&#8221;on|desktop&#8221; custom_padding=&#8221;0px||0px||false|false&#8221; global_colors_info=&#8221;{}&#8221;][et_pb_column type=&#8221;1_2&#8243; _builder_version=&#8221;4.19.5&#8243; _module_preset=&#8221;default&#8221; custom_padding=&#8221;||0px||false|false&#8221; custom_padding_tablet=&#8221;||0px||false|false&#8221; custom_padding_phone=&#8221;||0px||false|false&#8221; custom_padding_last_edited=&#8221;on|phone&#8221; global_colors_info=&#8221;{}&#8221;][dipl_double_color_heading heading_main_part=&#8221;@ET-DC@eyJkeW5hbWljIjp0cnVlLCJjb250ZW50IjoicG9zdF90aXRsZSIsInNldHRpbmdzIjp7ImJlZm9yZSI6IiIsImFmdGVyIjoiIn19@&#8221; _builder_version=&#8221;4.19.5&#8243; _dynamic_attributes=&#8221;heading_main_part&#8221; _module_preset=&#8221;default&#8221; main_header_font=&#8221;|800|||||||&#8221; main_header_text_color=&#8221;#1B475C&#8221; main_header_font_size=&#8221;55px&#8221; main_header_line_height=&#8221;1.1em&#8221; custom_margin=&#8221;40px||10px||false|false&#8221; custom_margin_tablet=&#8221;20px||0px||false|false&#8221; custom_margin_phone=&#8221;20px||||false|false&#8221; custom_margin_last_edited=&#8221;on|phone&#8221; custom_padding=&#8221;||0px||false|false&#8221; main_header_font_tablet=&#8221;|800|||||||&#8221; main_header_font_phone=&#8221;|800|||||||&#8221; main_header_font_last_edited=&#8221;on|desktop&#8221; main_header_font_size_tablet=&#8221;55px&#8221; main_header_font_size_phone=&#8221;27px&#8221; main_header_font_size_last_edited=&#8221;on|phone&#8221; global_colors_info=&#8221;{}&#8221;][\/dipl_double_color_heading][\/et_pb_column][et_pb_column type=&#8221;1_2&#8243; _builder_version=&#8221;4.19.2&#8243; _module_preset=&#8221;default&#8221; global_colors_info=&#8221;{}&#8221;][et_pb_image src=&#8221;https:\/\/www.mixedabilitysports.org\/wp-content\/uploads\/IMAS-Characters-16.png&#8221; title_text=&#8221;IMAS-Characters-16&#8243; show_bottom_space=&#8221;off&#8221; align=&#8221;right&#8221; show_bottom_space_tablet=&#8221;off&#8221; show_bottom_space_phone=&#8221;off&#8221; show_bottom_space_last_edited=&#8221;on|phone&#8221; _builder_version=&#8221;4.19.5&#8243; _module_preset=&#8221;default&#8221; width=&#8221;85%&#8221; custom_margin=&#8221;0px||||false|false&#8221; custom_padding=&#8221;0px||||false|false&#8221; global_colors_info=&#8221;{}&#8221;][\/et_pb_image][\/et_pb_column][\/et_pb_row][\/et_pb_section][et_pb_section fb_built=&#8221;1&#8243; admin_label=&#8221;TBVS &#8211; Light &#8211; Content 10&#8243; module_class=&#8221;tbvs-section-light&#8221; _builder_version=&#8221;4.19.5&#8243; _module_preset=&#8221;default&#8221; background_color=&#8221;#e4eff3&#8243; custom_margin=&#8221;0px||||false|false&#8221; custom_margin_tablet=&#8221;||0px||false|false&#8221; custom_margin_phone=&#8221;||0px||false|false&#8221; custom_margin_last_edited=&#8221;on|desktop&#8221; custom_padding=&#8221;0px||0px||false|false&#8221; top_divider_style=&#8221;ramp2&#8243; top_divider_color=&#8221;#1B475C&#8221; top_divider_height=&#8221;70px&#8221; top_divider_repeat=&#8221;1x&#8221; top_divider_flip=&#8221;horizontal&#8221; top_divider_height_tablet=&#8221;50px&#8221; top_divider_height_phone=&#8221;50px&#8221; top_divider_height_last_edited=&#8221;on|desktop&#8221; locked=&#8221;off&#8221; global_colors_info=&#8221;{}&#8221;][et_pb_row _builder_version=&#8221;4.19.5&#8243; _module_preset=&#8221;default&#8221; global_colors_info=&#8221;{}&#8221;][et_pb_column type=&#8221;4_4&#8243; _builder_version=&#8221;4.19.5&#8243; _module_preset=&#8221;default&#8221; global_colors_info=&#8221;{}&#8221;][et_pb_text _builder_version=&#8221;4.19.5&#8243; _module_preset=&#8221;default&#8221; global_colors_info=&#8221;{}&#8221;][\/et_pb_text][\/et_pb_column][\/et_pb_row][\/et_pb_section][et_pb_section fb_built=&#8221;1&#8243; admin_label=&#8221;TBVS &#8211; Light &#8211; Content 7&#8243; module_class=&#8221;tbvs-section-light&#8221; _builder_version=&#8221;4.19.5&#8243; _module_preset=&#8221;default&#8221; background_color=&#8221;rgba(120,173,193,0.2)&#8221; custom_margin=&#8221;||0px||false|false&#8221; custom_padding=&#8221;||0px||false|false&#8221; bottom_divider_flip=&#8221;vertical&#8221; global_colors_info=&#8221;{}&#8221;][et_pb_row column_structure=&#8221;1_2,1_2&#8243; _builder_version=&#8221;4.19.5&#8243; _module_preset=&#8221;default&#8221; width=&#8221;90%&#8221; global_colors_info=&#8221;{}&#8221;][et_pb_column type=&#8221;1_2&#8243; _builder_version=&#8221;4.16&#8243; _module_preset=&#8221;default&#8221; custom_padding_tablet=&#8221;||30px||false|false&#8221; custom_padding_phone=&#8221;&#8221; custom_padding_last_edited=&#8221;on|tablet&#8221; global_colors_info=&#8221;{}&#8221;][et_pb_text _builder_version=&#8221;4.19.5&#8243; _module_preset=&#8221;default&#8221; header_2_font=&#8221;Montserrat|800|||||||&#8221; header_2_text_color=&#8221;#181818&#8243; header_2_font_size=&#8221;38px&#8221; header_2_line_height=&#8221;1.1em&#8221; header_3_text_color=&#8221;#1B475C&#8221; header_3_font_size=&#8221;25px&#8221; header_3_line_height=&#8221;1.3em&#8221; global_colors_info=&#8221;{}&#8221;]<\/p>\n<h3><strong>IMAS busca desarrollar, evaluar y validar continuamente el Modelo Mixed Ability.<\/strong><\/h3>\n<p>[\/et_pb_text][et_pb_divider color=&#8221;#EC7323&#8243; divider_weight=&#8221;2px&#8221; _builder_version=&#8221;4.19.5&#8243; _module_preset=&#8221;default&#8221; width=&#8221;30%&#8221; max_width=&#8221;50%&#8221; module_alignment=&#8221;left&#8221; custom_margin=&#8221;0px||10px||false|false&#8221; custom_padding=&#8221;||||false|false&#8221; locked=&#8221;off&#8221; global_colors_info=&#8221;{}&#8221;][\/et_pb_divider][et_pb_text _builder_version=&#8221;4.20.2&#8243; _module_preset=&#8221;52ee86fa-f61a-4b88-9088-886eb500f425&#8243; global_colors_info=&#8221;{}&#8221;]<\/p>\n<p>Una parte clave de esto es la investigaci\u00f3n en curso que llevan a cabo investigadores\/as de la Universidad de Leeds, la Universidad de Loughborough y la Universidad de Salamanca, as\u00ed como a trav\u00e9s del seguimiento y evaluaci\u00f3n internos del IMAS. Tambi\u00e9n apoyamos a estudiantes de grado, posgrado y doctorado que est\u00e1n investigando aspectos espec\u00edficos del modelo Mixed Ability.<\/p>\n<p>La investigaci\u00f3n significa que se escuchan las voces de los y las participantes y que los puntos de vista y opiniones de todas las personas involucradas se retroalimentan en el desarrollo del Modelo.<\/p>\n<p>A continuaci\u00f3n se muestran algunos ejemplos de nuestra investigaci\u00f3n y, si deseas obtener m\u00e1s informaci\u00f3n, no dudes en <a href=\"mailto:contact@mixedabilitysports.org\">contactarnos<\/a>.<\/p>\n<p>[\/et_pb_text][et_pb_button button_url=&#8221;https:\/\/www.mixedabilitysports.org\/wp-content\/uploads\/TheImpactsofMixedAbilityRugby.pdf&#8221; url_new_window=&#8221;on&#8221; button_text=&#8221;Los impactos del rugby Mixed Ability&#8221; button_alignment=&#8221;center&#8221; _builder_version=&#8221;4.20.2&#8243; _module_preset=&#8221;e272bca2-0976-4a88-8960-cbf1182fd96d&#8221; button_use_icon=&#8221;on&#8221; button_icon=&#8221;&#xe092;||divi||400&#8243; button_icon_placement=&#8221;left&#8221; button_on_hover=&#8221;off&#8221; custom_margin=&#8221;||10px||false|false&#8221; custom_padding=&#8221;||0px||false|false&#8221; custom_css_main_element=&#8221;width:100%;&#8221; global_colors_info=&#8221;{}&#8221; button_bg_enable_color__hover=&#8221;on&#8221;][\/et_pb_button][et_pb_button button_url=&#8221;https:\/\/ojs.pensamultimedia.it\/index.php\/siref\/article\/view\/2775&#8243; url_new_window=&#8221;on&#8221; button_text=&#8221;Rugby Mixed Ability e inclusi\u00f3n&#8221; button_alignment=&#8221;center&#8221; _builder_version=&#8221;4.20.2&#8243; _module_preset=&#8221;e272bca2-0976-4a88-8960-cbf1182fd96d&#8221; button_use_icon=&#8221;on&#8221; button_icon=&#8221;&#xe092;||divi||400&#8243; button_icon_placement=&#8221;left&#8221; button_on_hover=&#8221;off&#8221; custom_margin=&#8221;||10px||false|false&#8221; custom_padding=&#8221;||0px||false|false&#8221; custom_css_main_element=&#8221;width:100%;&#8221; global_colors_info=&#8221;{}&#8221; button_bg_enable_color__hover=&#8221;on&#8221;][\/et_pb_button][et_pb_button button_url=&#8221;https:\/\/www.mixedabilitysports.org\/wp-content\/uploads\/IMAS_MIXAR_Transferability_Toolkit_web.pdf&#8221; url_new_window=&#8221;on&#8221; button_text=&#8221;Kit de herramientas de transferibilidad del rugby Mixed Ability&#8221; button_alignment=&#8221;center&#8221; _builder_version=&#8221;4.20.2&#8243; _module_preset=&#8221;e272bca2-0976-4a88-8960-cbf1182fd96d&#8221; button_use_icon=&#8221;on&#8221; button_icon=&#8221;&#xe092;||divi||400&#8243; button_icon_placement=&#8221;left&#8221; button_on_hover=&#8221;off&#8221; custom_margin=&#8221;||10px||false|false&#8221; custom_padding=&#8221;||0px||false|false&#8221; custom_css_main_element=&#8221;width:100%;&#8221; global_colors_info=&#8221;{}&#8221; button_bg_enable_color__hover=&#8221;on&#8221;][\/et_pb_button][et_pb_button button_url=&#8221;https:\/\/www.mixedabilitysports.org\/wp-content\/uploads\/BARC_Summary_Dev18_Spreads.pdf&#8221; url_new_window=&#8221;on&#8221; button_text=&#8221;Todos en el mismo barco: Remo Mixed Ability&#8221; button_alignment=&#8221;center&#8221; _builder_version=&#8221;4.20.2&#8243; _module_preset=&#8221;e272bca2-0976-4a88-8960-cbf1182fd96d&#8221; button_use_icon=&#8221;on&#8221; button_icon=&#8221;&#xe092;||divi||400&#8243; button_icon_placement=&#8221;left&#8221; button_on_hover=&#8221;off&#8221; custom_margin=&#8221;||10px||false|false&#8221; custom_padding=&#8221;||0px||false|false&#8221; custom_css_main_element=&#8221;width:100%;&#8221; global_colors_info=&#8221;{}&#8221; button_bg_enable_color__hover=&#8221;on&#8221;][\/et_pb_button][et_pb_button button_url=&#8221;https:\/\/www.mixedabilitysports.org\/wp-content\/uploads\/MASDP_EvaluationReport2019.pdf&#8221; url_new_window=&#8221;on&#8221; button_text=&#8221;Informe final del MASDP&#8221; button_alignment=&#8221;center&#8221; _builder_version=&#8221;4.20.2&#8243; _module_preset=&#8221;e272bca2-0976-4a88-8960-cbf1182fd96d&#8221; button_use_icon=&#8221;on&#8221; button_icon=&#8221;&#xe092;||divi||400&#8243; button_icon_placement=&#8221;left&#8221; button_on_hover=&#8221;off&#8221; custom_margin=&#8221;||10px||false|false&#8221; custom_padding=&#8221;||0px||false|false&#8221; custom_css_main_element=&#8221;width:100%;&#8221; global_colors_info=&#8221;{}&#8221; button_bg_enable_color__hover=&#8221;on&#8221;][\/et_pb_button][et_pb_button button_url=&#8221;https:\/\/www.mixedabilitysports.org\/wp-content\/uploads\/IMAS_Multi-Sport_Guide_EN_v4.pdf&#8221; url_new_window=&#8221;on&#8221; button_text=&#8221;Gu\u00eda multideporte Mixed Ability&#8221; button_alignment=&#8221;center&#8221; _builder_version=&#8221;4.20.2&#8243; _module_preset=&#8221;e272bca2-0976-4a88-8960-cbf1182fd96d&#8221; button_use_icon=&#8221;on&#8221; button_icon=&#8221;&#xe092;||divi||400&#8243; button_icon_placement=&#8221;left&#8221; button_on_hover=&#8221;off&#8221; custom_margin=&#8221;||10px||false|false&#8221; custom_padding=&#8221;||0px||false|false&#8221; custom_css_main_element=&#8221;width:100%;&#8221; global_colors_info=&#8221;{}&#8221; button_bg_enable_color__hover=&#8221;on&#8221;][\/et_pb_button][et_pb_button button_url=&#8221;https:\/\/issuu.com\/imascic\/docs\/themixedabilitymodel-contributingtothesdgsandamore&#8221; url_new_window=&#8221;on&#8221; button_text=&#8221;Mixed Ability y los ODS para un futuro sostenible&#8221; button_alignment=&#8221;center&#8221; _builder_version=&#8221;4.20.2&#8243; _module_preset=&#8221;e272bca2-0976-4a88-8960-cbf1182fd96d&#8221; button_use_icon=&#8221;on&#8221; button_icon=&#8221;&#xe092;||divi||400&#8243; button_icon_placement=&#8221;left&#8221; button_on_hover=&#8221;off&#8221; custom_margin=&#8221;||10px||false|false&#8221; custom_padding=&#8221;||0px||false|false&#8221; custom_css_main_element=&#8221;width:100%;&#8221; global_colors_info=&#8221;{}&#8221; button_bg_enable_color__hover=&#8221;on&#8221;][\/et_pb_button][et_pb_button button_url=&#8221;https:\/\/www.mixedabilitysports.org\/wp-content\/uploads\/disabilities-03-00022.pdf&#8221; url_new_window=&#8221;on&#8221; button_text=&#8221;Hallazgos de la evaluaci\u00f3n del MASDP&#8221; button_alignment=&#8221;center&#8221; _builder_version=&#8221;4.21.0&#8243; _module_preset=&#8221;e272bca2-0976-4a88-8960-cbf1182fd96d&#8221; button_use_icon=&#8221;on&#8221; button_icon=&#8221;&#xe092;||divi||400&#8243; button_icon_placement=&#8221;left&#8221; button_on_hover=&#8221;off&#8221; custom_margin=&#8221;||10px||false|false&#8221; custom_padding=&#8221;||0px||false|false&#8221; hover_enabled=&#8221;0&#8243; custom_css_main_element=&#8221;width:100%;&#8221; global_colors_info=&#8221;{}&#8221; button_bg_enable_color__hover=&#8221;on&#8221; sticky_enabled=&#8221;0&#8243;][\/et_pb_button][\/et_pb_column][et_pb_column type=&#8221;1_2&#8243; _builder_version=&#8221;4.16&#8243; _module_preset=&#8221;default&#8221; global_colors_info=&#8221;{}&#8221;][et_pb_image src=&#8221;https:\/\/www.mixedabilitysports.org\/wp-content\/uploads\/IMAS-Conference-Cork-2022-3908-cropped.jpg&#8221; title_text=&#8221;IMAS Conference Cork 2022-3908.jpg&#8221; _builder_version=&#8221;4.19.5&#8243; _module_preset=&#8221;9d44f2da-f83b-4d65-8044-a49806776c82&#8243; border_width_bottom=&#8221;2px&#8221; global_colors_info=&#8221;{}&#8221;][\/et_pb_image][\/et_pb_column][\/et_pb_row][\/et_pb_section][et_pb_section fb_built=&#8221;1&#8243; admin_label=&#8221;TBVS &#8211; Dark &#8211; Content 5&#8243; module_class=&#8221;tbvs-section-dark&#8221; _builder_version=&#8221;4.19.5&#8243; _module_preset=&#8221;default&#8221; background_color=&#8221;#1B475C&#8221; custom_padding=&#8221;||100px||false|false&#8221; top_divider_style=&#8221;ramp2&#8243; top_divider_color=&#8221;#e4eff3&#8243; top_divider_flip=&#8221;horizontal|vertical&#8221; bottom_divider_style=&#8221;ramp2&#8243; bottom_divider_color=&#8221;#e4eff3&#8243; bottom_divider_flip=&#8221;horizontal|vertical&#8221; locked=&#8221;off&#8221; global_colors_info=&#8221;{}&#8221;][et_pb_row _builder_version=&#8221;4.19.5&#8243; _module_preset=&#8221;default&#8221; width=&#8221;90%&#8221; custom_padding=&#8221;0px||0px||false|false&#8221; global_colors_info=&#8221;{}&#8221;][et_pb_column type=&#8221;4_4&#8243; _builder_version=&#8221;4.19.5&#8243; _module_preset=&#8221;default&#8221; global_colors_info=&#8221;{}&#8221;][et_pb_divider color=&#8221;#EC7323&#8243; divider_weight=&#8221;2px&#8221; _builder_version=&#8221;4.19.5&#8243; _module_preset=&#8221;default&#8221; width=&#8221;15%&#8221; max_width=&#8221;15%&#8221; module_alignment=&#8221;left&#8221; custom_margin=&#8221;0px||10px||false|false&#8221; custom_padding=&#8221;||||false|false&#8221; locked=&#8221;off&#8221; global_colors_info=&#8221;{}&#8221;][\/et_pb_divider][\/et_pb_column][\/et_pb_row][et_pb_row column_structure=&#8221;3_5,2_5&#8243; _builder_version=&#8221;4.19.5&#8243; _module_preset=&#8221;default&#8221; width=&#8221;90%&#8221; custom_padding=&#8221;||60px||false|false&#8221; global_colors_info=&#8221;{}&#8221;][et_pb_column type=&#8221;3_5&#8243; _builder_version=&#8221;4.16&#8243; _module_preset=&#8221;default&#8221; custom_padding_tablet=&#8221;||30px||false|false&#8221; custom_padding_phone=&#8221;&#8221; custom_padding_last_edited=&#8221;on|tablet&#8221; global_colors_info=&#8221;{}&#8221;][et_pb_image src=&#8221;https:\/\/www.mixedabilitysports.org\/wp-content\/uploads\/IMAS-Conference-Cork-2022-4069.jpg&#8221; title_text=&#8221;IMAS Conference Cork 2022 -4069.jpg&#8221; _builder_version=&#8221;4.19.5&#8243; _module_preset=&#8221;9d44f2da-f83b-4d65-8044-a49806776c82&#8243; global_colors_info=&#8221;{}&#8221;][\/et_pb_image][\/et_pb_column][et_pb_column type=&#8221;2_5&#8243; _builder_version=&#8221;4.16&#8243; _module_preset=&#8221;default&#8221; global_colors_info=&#8221;{}&#8221;][et_pb_image src=&#8221;https:\/\/www.mixedabilitysports.org\/wp-content\/uploads\/IMAS-Conference-Cork-2022-4095.jpg&#8221; title_text=&#8221;IMAS Conference Cork 2022 -4095.jpg&#8221; _builder_version=&#8221;4.19.5&#8243; _module_preset=&#8221;9d44f2da-f83b-4d65-8044-a49806776c82&#8243; global_colors_info=&#8221;{}&#8221;][\/et_pb_image][\/et_pb_column][\/et_pb_row][\/et_pb_section][et_pb_section fb_built=&#8221;1&#8243; admin_label=&#8221;TBVS &#8211; Light &#8211; Content 7&#8243; module_class=&#8221;tbvs-section-light&#8221; _builder_version=&#8221;4.19.5&#8243; _module_preset=&#8221;default&#8221; background_color=&#8221;#e4eff3&#8243; custom_margin=&#8221;||||false|false&#8221; custom_padding=&#8221;0px||100px||false|false&#8221; top_divider_color=&#8221;#FFFFFF&#8221; top_divider_height=&#8221;300px&#8221; top_divider_flip=&#8221;vertical&#8221; bottom_divider_style=&#8221;asymmetric2&#8243; bottom_divider_color=&#8221;#FFFFFF&#8221; bottom_divider_repeat=&#8221;1x&#8221; bottom_divider_flip=&#8221;vertical&#8221; global_colors_info=&#8221;{}&#8221;][et_pb_row _builder_version=&#8221;4.19.5&#8243; _module_preset=&#8221;default&#8221; width=&#8221;90%&#8221; custom_padding=&#8221;0px||0px||false|false&#8221; global_colors_info=&#8221;{}&#8221;][et_pb_column type=&#8221;4_4&#8243; _builder_version=&#8221;4.19.5&#8243; _module_preset=&#8221;default&#8221; global_colors_info=&#8221;{}&#8221;][et_pb_divider color=&#8221;#EC7323&#8243; divider_weight=&#8221;2px&#8221; _builder_version=&#8221;4.19.5&#8243; _module_preset=&#8221;default&#8221; width=&#8221;15%&#8221; max_width=&#8221;15%&#8221; module_alignment=&#8221;left&#8221; custom_margin=&#8221;0px||10px||false|false&#8221; custom_padding=&#8221;||||false|false&#8221; locked=&#8221;off&#8221; global_colors_info=&#8221;{}&#8221;][\/et_pb_divider][\/et_pb_column][\/et_pb_row][et_pb_row _builder_version=&#8221;4.19.5&#8243; _module_preset=&#8221;default&#8221; width=&#8221;90%&#8221; max_width=&#8221;100%&#8221; global_colors_info=&#8221;{}&#8221;][et_pb_column type=&#8221;4_4&#8243; _builder_version=&#8221;4.16&#8243; _module_preset=&#8221;default&#8221; custom_padding_tablet=&#8221;||30px||false|false&#8221; custom_padding_phone=&#8221;&#8221; custom_padding_last_edited=&#8221;on|tablet&#8221; global_colors_info=&#8221;{}&#8221;][et_pb_image src=&#8221;https:\/\/www.mixedabilitysports.org\/wp-content\/uploads\/IMAS-Conference-Cork-2022-4063.jpg&#8221; title_text=&#8221;IMAS Conference Cork 2022 -4063.jpg&#8221; _builder_version=&#8221;4.19.5&#8243; _module_preset=&#8221;9d44f2da-f83b-4d65-8044-a49806776c82&#8243; box_shadow_style=&#8221;preset1&#8243; global_colors_info=&#8221;{}&#8221;][\/et_pb_image][et_pb_button button_url=&#8221;mailto:contact@mixedabilitysports.org?Subject=IMAS%20Team%20Days&#8221; button_text=&#8221;Cont\u00e1ctenos para obtener m\u00e1s informaci\u00f3n&#8221; button_alignment=&#8221;center&#8221; _builder_version=&#8221;4.19.5&#8243; _module_preset=&#8221;default&#8221; custom_button=&#8221;on&#8221; button_text_size=&#8221;19px&#8221; button_bg_color=&#8221;#02916E&#8221; button_icon=&#8221;&#xe092;||divi||400&#8243; button_icon_placement=&#8221;left&#8221; button_on_hover=&#8221;off&#8221; custom_margin=&#8221;||10px||false|false&#8221; custom_padding=&#8221;||0px||false|false&#8221; custom_css_main_element=&#8221;width:100%;&#8221; global_colors_info=&#8221;{}&#8221; button_bg_color__hover_enabled=&#8221;on|hover&#8221; button_bg_color__hover=&#8221;#01684b&#8221; button_bg_enable_color__hover=&#8221;on&#8221;][\/et_pb_button][et_pb_divider color=&#8221;#EC7323&#8243; divider_weight=&#8221;2px&#8221; _builder_version=&#8221;4.19.5&#8243; _module_preset=&#8221;default&#8221; width=&#8221;15%&#8221; max_width=&#8221;15%&#8221; module_alignment=&#8221;right&#8221; custom_margin=&#8221;0px||10px||false|false&#8221; custom_padding=&#8221;||||false|false&#8221; locked=&#8221;off&#8221; global_colors_info=&#8221;{}&#8221;][\/et_pb_divider][\/et_pb_column][\/et_pb_row][\/et_pb_section]<\/p>\n","protected":false},"excerpt":{"rendered":"<p><div class=\"et_pb_module dipl_double_color_heading dipl_double_color_heading_0 \">\n\t\t\t\t\n\t\t\t\t\n\t\t\t\t\n\t\t\t\t\n\t\t\t\t\n\t\t\t\t\n\t\t\t\t<div class=\"et_pb_module_inner\">\n\t\t\t\t\t<div class=\"dipl_text_wrapper\"><h2><\/h2><\/div>\n\t\t\t\t<\/div>\n\t\t\t<\/div>IMAS busca desarrollar, evaluar y validar continuamente el Modelo Mixed Ability.Una parte clave de esto es la investigaci\u00f3n en curso que llevan a cabo investigadores\/as de la Universidad de Leeds, la Universidad de Loughborough y [&hellip;]<\/p>\n","protected":false},"author":1,"featured_media":0,"parent":0,"menu_order":38,"comment_status":"closed","ping_status":"closed","template":"","meta":{"_et_pb_use_builder":"on","_et_pb_old_content":"","_et_gb_content_width":"","footnotes":""},"class_list":["post-16007","page","type-page","status-publish","hentry"],"_links":{"self":[{"href":"https:\/\/www.mixedabilitysports.org\/es\/wp-json\/wp\/v2\/pages\/16007","targetHints":{"allow":["GET"]}}],"collection":[{"href":"https:\/\/www.mixedabilitysports.org\/es\/wp-json\/wp\/v2\/pages"}],"about":[{"href":"https:\/\/www.mixedabilitysports.org\/es\/wp-json\/wp\/v2\/types\/page"}],"author":[{"embeddable":true,"href":"https:\/\/www.mixedabilitysports.org\/es\/wp-json\/wp\/v2\/users\/1"}],"replies":[{"embeddable":true,"href":"https:\/\/www.mixedabilitysports.org\/es\/wp-json\/wp\/v2\/comments?post=16007"}],"version-history":[{"count":0,"href":"https:\/\/www.mixedabilitysports.org\/es\/wp-json\/wp\/v2\/pages\/16007\/revisions"}],"wp:attachment":[{"href":"https:\/\/www.mixedabilitysports.org\/es\/wp-json\/wp\/v2\/media?parent=16007"}],"curies":[{"name":"wp","href":"https:\/\/api.w.org\/{rel}","templated":true}]}}