{"id":16145,"date":"2023-12-17T17:29:51","date_gmt":"2023-12-17T17:29:51","guid":{"rendered":"https:\/\/hanson6.co.uk\/imas\/governance\/"},"modified":"2024-01-04T10:33:36","modified_gmt":"2024-01-04T10:33:36","slug":"governance","status":"publish","type":"page","link":"https:\/\/www.mixedabilitysports.org\/es\/governance\/","title":{"rendered":"Equipo directivo"},"content":{"rendered":"<p>[et_pb_section fb_built=&#8221;1&#8243; custom_padding_last_edited=&#8221;on|phone&#8221; _builder_version=&#8221;4.19.5&#8243; _module_preset=&#8221;default&#8221; background_color=&#8221;#78ADC1&#8243; background_image=&#8221;https:\/\/www.mixedabilitysports.org\/wp-content\/uploads\/bg-title-5.jpg&#8221; background_position=&#8221;bottom_center&#8221; background_blend=&#8221;overlay&#8221; background_enable_mask_style=&#8221;on&#8221; background_mask_color=&#8221;#FFFFFF&#8221; background_mask_transform=&#8221;invert&#8221; custom_padding=&#8221;1px||0px||false|false&#8221; custom_padding_tablet=&#8221;10px||0px||false|false&#8221; custom_padding_phone=&#8221;10px||0px||false|false&#8221; top_divider_height_tablet=&#8221;80px&#8221; top_divider_height_phone=&#8221;50px&#8221; top_divider_height_last_edited=&#8221;on|desktop&#8221; bottom_divider_style=&#8221;ramp2&#8243; bottom_divider_color=&#8221;#1B475C&#8221; bottom_divider_repeat=&#8221;1x&#8221; bottom_divider_flip=&#8221;horizontal&#8221; bottom_divider_style_tablet=&#8221;ramp2&#8243; bottom_divider_style_phone=&#8221;ramp2&#8243; bottom_divider_style_last_edited=&#8221;on|desktop&#8221; bottom_divider_height_tablet=&#8221;70px&#8221; bottom_divider_height_phone=&#8221;50px&#8221; bottom_divider_height_last_edited=&#8221;on|desktop&#8221; locked=&#8221;off&#8221; global_colors_info=&#8221;{}&#8221;][et_pb_row column_structure=&#8221;1_2,1_2&#8243; use_custom_gutter=&#8221;on&#8221; gutter_width=&#8221;2&#8243; make_equal=&#8221;on&#8221; _builder_version=&#8221;4.19.5&#8243; _module_preset=&#8221;default&#8221; width=&#8221;90%&#8221; max_width=&#8221;90%&#8221; custom_margin=&#8221;20px||0px||false|false&#8221; custom_margin_tablet=&#8221;0px||||false|false&#8221; custom_margin_phone=&#8221;0px||||false|false&#8221; custom_margin_last_edited=&#8221;on|desktop&#8221; custom_padding=&#8221;0px||0px||false|false&#8221; global_colors_info=&#8221;{}&#8221;][et_pb_column type=&#8221;1_2&#8243; _builder_version=&#8221;4.19.5&#8243; _module_preset=&#8221;default&#8221; custom_padding=&#8221;||0px||false|false&#8221; custom_padding_tablet=&#8221;||0px||false|false&#8221; custom_padding_phone=&#8221;||0px||false|false&#8221; custom_padding_last_edited=&#8221;on|phone&#8221; global_colors_info=&#8221;{}&#8221;][dipl_double_color_heading heading_main_part=&#8221;@ET-DC@eyJkeW5hbWljIjp0cnVlLCJjb250ZW50IjoicG9zdF90aXRsZSIsInNldHRpbmdzIjp7ImJlZm9yZSI6IiIsImFmdGVyIjoiIn19@&#8221; _builder_version=&#8221;4.19.5&#8243; _dynamic_attributes=&#8221;heading_main_part&#8221; _module_preset=&#8221;default&#8221; main_header_font=&#8221;|800|||||||&#8221; main_header_text_color=&#8221;#1B475C&#8221; main_header_font_size=&#8221;55px&#8221; main_header_line_height=&#8221;1.1em&#8221; custom_margin=&#8221;40px||10px||false|false&#8221; custom_margin_tablet=&#8221;20px||0px||false|false&#8221; custom_margin_phone=&#8221;20px||||false|false&#8221; custom_margin_last_edited=&#8221;on|phone&#8221; custom_padding=&#8221;||0px||false|false&#8221; main_header_font_tablet=&#8221;|800|||||||&#8221; main_header_font_phone=&#8221;|800|||||||&#8221; main_header_font_last_edited=&#8221;on|desktop&#8221; main_header_font_size_tablet=&#8221;55px&#8221; main_header_font_size_phone=&#8221;27px&#8221; main_header_font_size_last_edited=&#8221;on|phone&#8221; global_colors_info=&#8221;{}&#8221;][\/dipl_double_color_heading][\/et_pb_column][et_pb_column type=&#8221;1_2&#8243; _builder_version=&#8221;4.19.2&#8243; _module_preset=&#8221;default&#8221; global_colors_info=&#8221;{}&#8221;][et_pb_image src=&#8221;https:\/\/www.mixedabilitysports.org\/wp-content\/uploads\/IMAS-Characters-13.png&#8221; title_text=&#8221;IMAS-Characters-13&#8243; show_bottom_space=&#8221;off&#8221; align=&#8221;right&#8221; show_bottom_space_tablet=&#8221;off&#8221; show_bottom_space_phone=&#8221;off&#8221; show_bottom_space_last_edited=&#8221;on|phone&#8221; _builder_version=&#8221;4.19.5&#8243; _module_preset=&#8221;default&#8221; width=&#8221;70%&#8221; custom_margin=&#8221;0px||||false|false&#8221; custom_padding=&#8221;0px||||false|false&#8221; global_colors_info=&#8221;{}&#8221;][\/et_pb_image][\/et_pb_column][\/et_pb_row][\/et_pb_section][et_pb_section fb_built=&#8221;1&#8243; admin_label=&#8221;TBVS &#8211; Light &#8211; Content 10&#8243; module_class=&#8221;tbvs-section-light&#8221; _builder_version=&#8221;4.19.5&#8243; _module_preset=&#8221;default&#8221; background_color=&#8221;#e4eff3&#8243; custom_margin=&#8221;0px||||false|false&#8221; custom_margin_tablet=&#8221;||0px||false|false&#8221; custom_margin_phone=&#8221;||0px||false|false&#8221; custom_margin_last_edited=&#8221;on|desktop&#8221; custom_padding=&#8221;0px||0px||false|false&#8221; top_divider_style=&#8221;ramp2&#8243; top_divider_color=&#8221;#1B475C&#8221; top_divider_height=&#8221;70px&#8221; top_divider_repeat=&#8221;1x&#8221; top_divider_flip=&#8221;horizontal&#8221; top_divider_height_tablet=&#8221;50px&#8221; top_divider_height_phone=&#8221;50px&#8221; top_divider_height_last_edited=&#8221;on|desktop&#8221; global_colors_info=&#8221;{}&#8221;][et_pb_row _builder_version=&#8221;4.19.5&#8243; _module_preset=&#8221;default&#8221; global_colors_info=&#8221;{}&#8221;][et_pb_column type=&#8221;4_4&#8243; _builder_version=&#8221;4.19.5&#8243; _module_preset=&#8221;default&#8221; global_colors_info=&#8221;{}&#8221;][et_pb_text _builder_version=&#8221;4.19.5&#8243; _module_preset=&#8221;default&#8221; global_colors_info=&#8221;{}&#8221;][\/et_pb_text][\/et_pb_column][\/et_pb_row][\/et_pb_section][et_pb_section fb_built=&#8221;1&#8243; admin_label=&#8221;TBVS &#8211; Light &#8211; Content 6&#8243; module_class=&#8221;tbvs-section-light&#8221; _builder_version=&#8221;4.19.5&#8243; _module_preset=&#8221;default&#8221; background_color=&#8221;rgba(120,173,193,0.2)&#8221; custom_margin=&#8221;||||false|false&#8221; custom_padding=&#8221;||||false|false&#8221; global_colors_info=&#8221;{}&#8221;][et_pb_row column_structure=&#8221;2_5,3_5&#8243; _builder_version=&#8221;4.19.5&#8243; _module_preset=&#8221;default&#8221; width=&#8221;90%&#8221; max_width=&#8221;90%&#8221; global_colors_info=&#8221;{}&#8221;][et_pb_column type=&#8221;2_5&#8243; _builder_version=&#8221;4.16&#8243; _module_preset=&#8221;default&#8221; custom_padding_tablet=&#8221;||30px||false|false&#8221; custom_padding_phone=&#8221;&#8221; custom_padding_last_edited=&#8221;on|tablet&#8221; global_colors_info=&#8221;{}&#8221;][et_pb_image src=&#8221;https:\/\/www.mixedabilitysports.org\/wp-content\/uploads\/roy-smith.jpg&#8221; title_text=&#8221;roy-smith&#8221; _builder_version=&#8221;4.19.5&#8243; _module_preset=&#8221;9d44f2da-f83b-4d65-8044-a49806776c82&#8243; global_colors_info=&#8221;{}&#8221;][\/et_pb_image][\/et_pb_column][et_pb_column type=&#8221;3_5&#8243; _builder_version=&#8221;4.16&#8243; _module_preset=&#8221;default&#8221; global_colors_info=&#8221;{}&#8221;][et_pb_text _builder_version=&#8221;4.19.5&#8243; _module_preset=&#8221;default&#8221; header_2_font=&#8221;Montserrat|800|||||||&#8221; header_2_text_color=&#8221;#1B475C&#8221; header_2_font_size=&#8221;38px&#8221; header_2_line_height=&#8221;1.1em&#8221; global_colors_info=&#8221;{}&#8221;]<\/p>\n<h2>Chair: Roy Smith<\/h2>\n<p><strong>Antiguo director y due\u00f1o del MRS Consultancy<\/strong><\/p>\n<p>[\/et_pb_text][et_pb_text _builder_version=&#8221;4.23.1&#8243; _module_preset=&#8221;default&#8221; text_font=&#8221;||||||||&#8221; text_text_color=&#8221;#333333&#8243; hover_enabled=&#8221;0&#8243; global_colors_info=&#8221;{}&#8221; sticky_enabled=&#8221;0&#8243;]<span>Roy se ha jubilado recientemente tras 20 a\u00f1os como director y due\u00f1o de MRS Consultancy. MRS desarroll\u00f3 y gestion\u00f3 m\u00e1s de 40 proyectos con comunidades y personas desfavorecidas en Gran Breta\u00f1a y en toda Europa, trabajado con los recursos p\u00fablicos brit\u00e1nicos, organizaciones de ense\u00f1anza y programas financiados por la Comisi\u00f3n Europea, tales como Lifelong Learnig y Erasmus+. Las \u00e1reas abordadas por dichos proyectos incluyen la ense\u00f1anza de lenguas para migrantes, la lucha contra el bullying juvenil, informes de la comunidad, la formaci\u00f3n de personas mayores de 50 a\u00f1os y el trabajo con las peque\u00f1as empresas mediante, por ejemplo, el aprendizaje informal en el lugar de trabajo, el apoyo a su esp\u00edritu emprendedor y el desarrollo de sus habilidades digitales. Antes de crear MRS, Roy trabaj\u00f3 en el marketing y las ventas del sector alimenticio, en el DIY y en las telecomunicaciones.<\/span><\/p>\n<p><span>Email:\u00a0<\/span><a href=\"mailto:contact@mixedabilitysport.org\">contact@mixedabilitysport.org<\/a>[\/et_pb_text][\/et_pb_column][\/et_pb_row][\/et_pb_section][et_pb_section fb_built=&#8221;1&#8243; admin_label=&#8221;TBVS &#8211; Dark &#8211; Content 5&#8243; module_class=&#8221;tbvs-section-dark&#8221; _builder_version=&#8221;4.19.5&#8243; _module_preset=&#8221;default&#8221; background_color=&#8221;#1B475C&#8221; custom_padding=&#8221;||100px||false|false&#8221; top_divider_style=&#8221;ramp2&#8243; top_divider_color=&#8221;#e4eff3&#8243; top_divider_flip=&#8221;horizontal|vertical&#8221; bottom_divider_style=&#8221;ramp2&#8243; bottom_divider_color=&#8221;#e4eff3&#8243; bottom_divider_flip=&#8221;horizontal|vertical&#8221; global_colors_info=&#8221;{}&#8221;][et_pb_row column_structure=&#8221;3_5,2_5&#8243; _builder_version=&#8221;4.19.5&#8243; _module_preset=&#8221;default&#8221; width=&#8221;90%&#8221; max_width=&#8221;90%&#8221; global_colors_info=&#8221;{}&#8221;][et_pb_column type=&#8221;3_5&#8243; _builder_version=&#8221;4.16&#8243; _module_preset=&#8221;default&#8221; custom_padding_tablet=&#8221;||30px||false|false&#8221; custom_padding_phone=&#8221;&#8221; custom_padding_last_edited=&#8221;on|tablet&#8221; global_colors_info=&#8221;{}&#8221;][et_pb_text _builder_version=&#8221;4.19.5&#8243; _module_preset=&#8221;default&#8221; header_2_font=&#8221;Montserrat|800|||||||&#8221; header_2_text_color=&#8221;#EC7323&#8243; header_2_font_size=&#8221;38px&#8221; header_2_line_height=&#8221;1.1em&#8221; background_layout=&#8221;dark&#8221; global_colors_info=&#8221;{}&#8221;]<\/p>\n<h2>Mark Purvis<\/h2>\n<p>[\/et_pb_text][et_pb_text _builder_version=&#8221;4.19.5&#8243; _module_preset=&#8221;default&#8221; text_font=&#8221;Open Sans||||||||&#8221; background_layout=&#8221;dark&#8221; global_colors_info=&#8221;{}&#8221;]<\/p>\n<p>Mark es m\u00e9dico en Bradford, donde ha trabajado desde 1985. Durante veinte a\u00f1os ha colaborado en una importante pr\u00e1ctica docente en la que tambi\u00e9n participaba otro m\u00e9dico con un inter\u00e9s especial por la oftalmolog\u00eda.<\/p>\n<p>Mark posee una larga trayectoria en educaci\u00f3n m\u00e9dica, y ha trabajado como tutor de facultad, asesor de auditor\u00eda, evaluador m\u00e9dico, formador, director del programa de pr\u00e1cticas y decano asociado de posgrado antes de aceptar su actual puesto de director de Educaci\u00f3n M\u00e9dica de Posgrado y director de la Escuela de Atenci\u00f3n Primaria de Yorkshire y the Humber, puesto que ocupa desde 2007.<\/p>\n<p>Mark se involucr\u00f3 con IMAS a trav\u00e9s de su club local de rugby en un encuentro amistoso frente al equipo Bumbles y trabaj\u00f3 como m\u00e9dico voluntario en el partido inaugural del Torneo Internacional de Rugby Mixed Ability. Aunque Mark siempre hab\u00eda apreciado los beneficios del deporte y el ejercicio f\u00edsico, el torneo le permiti\u00f3 ampliar su visi\u00f3n de los beneficios del deporte inclusivo.<\/p>\n<p>[\/et_pb_text][\/et_pb_column][et_pb_column type=&#8221;2_5&#8243; _builder_version=&#8221;4.16&#8243; _module_preset=&#8221;default&#8221; global_colors_info=&#8221;{}&#8221;][et_pb_image src=&#8221;https:\/\/www.mixedabilitysports.org\/wp-content\/uploads\/dr-mark-purvis.jpg&#8221; title_text=&#8221;dr-mark-purvis&#8221; _builder_version=&#8221;4.19.5&#8243; _module_preset=&#8221;9d44f2da-f83b-4d65-8044-a49806776c82&#8243; global_colors_info=&#8221;{}&#8221;][\/et_pb_image][\/et_pb_column][\/et_pb_row][\/et_pb_section][et_pb_section fb_built=&#8221;1&#8243; admin_label=&#8221;TBVS &#8211; Light &#8211; Content 6&#8243; module_class=&#8221;tbvs-section-light&#8221; _builder_version=&#8221;4.19.5&#8243; _module_preset=&#8221;default&#8221; background_color=&#8221;#e4eff3&#8243; bottom_divider_style=&#8221;asymmetric2&#8243; bottom_divider_color=&#8221;#FFFFFF&#8221; bottom_divider_flip=&#8221;vertical&#8221; global_colors_info=&#8221;{}&#8221;][et_pb_row column_structure=&#8221;1_3,1_3,1_3&#8243; _builder_version=&#8221;4.19.5&#8243; _module_preset=&#8221;default&#8221; width=&#8221;90%&#8221; global_colors_info=&#8221;{}&#8221;][et_pb_column type=&#8221;1_3&#8243; _builder_version=&#8221;4.16&#8243; _module_preset=&#8221;default&#8221; custom_padding_tablet=&#8221;||30px||false|false&#8221; custom_padding_phone=&#8221;&#8221; custom_padding_last_edited=&#8221;on|tablet&#8221; global_colors_info=&#8221;{}&#8221;][et_pb_image src=&#8221;https:\/\/www.mixedabilitysports.org\/wp-content\/uploads\/dr-Ian-Chin.png&#8221; title_text=&#8221;dr-Ian-Chin&#8221; _builder_version=&#8221;4.19.5&#8243; _module_preset=&#8221;9d44f2da-f83b-4d65-8044-a49806776c82&#8243; global_colors_info=&#8221;{}&#8221;][\/et_pb_image][\/et_pb_column][et_pb_column type=&#8221;1_3&#8243; _builder_version=&#8221;4.16&#8243; _module_preset=&#8221;default&#8221; global_colors_info=&#8221;{}&#8221;][et_pb_text _builder_version=&#8221;4.19.5&#8243; _module_preset=&#8221;default&#8221; header_2_font=&#8221;Montserrat|800|||||||&#8221; header_2_text_color=&#8221;#1B475C&#8221; header_2_font_size=&#8221;38px&#8221; header_2_line_height=&#8221;1.1em&#8221; global_colors_info=&#8221;{}&#8221;]<\/p>\n<h2>Ian Chin<\/h2>\n<p><strong>Non-executive Director<\/strong><\/p>\n<p>[\/et_pb_text][et_pb_text _builder_version=&#8221;4.19.5&#8243; _module_preset=&#8221;default&#8221; text_font=&#8221;||||||||&#8221; text_text_color=&#8221;#333333&#8243; global_colors_info=&#8221;{}&#8221;]<\/p>\n<p>Ian is a qualified solicitor of the High Court of England and Wales and has experience working with corporates on both domestic and international financing transactions. He is a practising solicitor with Morrison &amp; Foerster LLP, a major international law firm.<\/p>\n<p>Through his pro bono work with clients of Morrison &amp; Foerster and his prior workplaces, Ian also has experience advising charities and community interest companies, as well as their founders, on their legal structures and the roles and responsibilities of directors\/trustees.<\/p>\n<p>[\/et_pb_text][\/et_pb_column][et_pb_column type=&#8221;1_3&#8243; _builder_version=&#8221;4.19.5&#8243; _module_preset=&#8221;default&#8221; background_color=&#8221;RGBA(255,255,255,0)&#8221; custom_padding=&#8221;||||false|false&#8221; global_colors_info=&#8221;{}&#8221;][et_pb_text _builder_version=&#8221;4.19.5&#8243; _module_preset=&#8221;default&#8221; header_2_font=&#8221;Montserrat|800|||||||&#8221; header_2_text_color=&#8221;#1B475C&#8221; header_2_font_size=&#8221;38px&#8221; header_2_line_height=&#8221;1.1em&#8221; global_colors_info=&#8221;{}&#8221;]<\/p>\n<h2>Hugh Brown<\/h2>\n<p>[\/et_pb_text][et_pb_text _builder_version=&#8221;4.19.5&#8243; _module_preset=&#8221;default&#8221; text_font=&#8221;||||||||&#8221; text_text_color=&#8221;#333333&#8243; global_colors_info=&#8221;{}&#8221;]<\/p>\n<p><span>Director Financiero jubilado con m\u00e1s de 30 a\u00f1os de experiencia en los sectores de impresi\u00f3n, publicidad, deportes y energ\u00eda. Hugh es un entusiasta fan\u00e1tico del rugby y remero de Mixed Ability Rowing en su club local.<\/span><\/p>\n<p>[\/et_pb_text][et_pb_button button_url=&#8221;https:\/\/www.mixedabilitysports.org\/wp-content\/uploads\/INT001-Limited-company-accounts-20.1-LTD-MASTER-20200917.pdf&#8221; button_text=&#8221;IMAS Full Accounts 2019&#8243; button_alignment=&#8221;center&#8221; _builder_version=&#8221;4.19.5&#8243; _module_preset=&#8221;e272bca2-0976-4a88-8960-cbf1182fd96d&#8221; button_use_icon=&#8221;on&#8221; button_icon=&#8221;&#xe092;||divi||400&#8243; button_icon_placement=&#8221;left&#8221; button_on_hover=&#8221;off&#8221; custom_css_main_element=&#8221;width:100%;&#8221; locked=&#8221;off&#8221; global_colors_info=&#8221;{}&#8221;][\/et_pb_button][et_pb_button button_url=&#8221;https:\/\/www.mixedabilitysports.org\/wp-content\/uploads\/Strategy-document.pdf&#8221; button_text=&#8221;IMAS Strategy&#8221; button_alignment=&#8221;center&#8221; _builder_version=&#8221;4.19.5&#8243; _module_preset=&#8221;e272bca2-0976-4a88-8960-cbf1182fd96d&#8221; button_use_icon=&#8221;on&#8221; button_icon=&#8221;&#xe092;||divi||400&#8243; button_icon_placement=&#8221;left&#8221; button_on_hover=&#8221;off&#8221; custom_css_main_element=&#8221;width:100%;&#8221; locked=&#8221;off&#8221; global_colors_info=&#8221;{}&#8221;][\/et_pb_button][\/et_pb_column][\/et_pb_row][\/et_pb_section]<\/p>\n","protected":false},"excerpt":{"rendered":"<p><div class=\"et_pb_module dipl_double_color_heading dipl_double_color_heading_0 \">\n\t\t\t\t\n\t\t\t\t\n\t\t\t\t\n\t\t\t\t\n\t\t\t\t\n\t\t\t\t\n\t\t\t\t<div class=\"et_pb_module_inner\">\n\t\t\t\t\t<div class=\"dipl_text_wrapper\"><h2><\/h2><\/div>\n\t\t\t\t<\/div>\n\t\t\t<\/div>Chair: Roy Smith Antiguo director y due\u00f1o del MRS ConsultancyRoy se ha jubilado recientemente tras 20 a\u00f1os como director y due\u00f1o de MRS Consultancy. MRS desarroll\u00f3 y gestion\u00f3 m\u00e1s de 40 proyectos con comunidades y [&hellip;]<\/p>\n","protected":false},"author":1,"featured_media":0,"parent":0,"menu_order":25,"comment_status":"closed","ping_status":"closed","template":"","meta":{"_et_pb_use_builder":"on","_et_pb_old_content":"","_et_gb_content_width":"","footnotes":""},"class_list":["post-16145","page","type-page","status-publish","hentry"],"_links":{"self":[{"href":"https:\/\/www.mixedabilitysports.org\/es\/wp-json\/wp\/v2\/pages\/16145","targetHints":{"allow":["GET"]}}],"collection":[{"href":"https:\/\/www.mixedabilitysports.org\/es\/wp-json\/wp\/v2\/pages"}],"about":[{"href":"https:\/\/www.mixedabilitysports.org\/es\/wp-json\/wp\/v2\/types\/page"}],"author":[{"embeddable":true,"href":"https:\/\/www.mixedabilitysports.org\/es\/wp-json\/wp\/v2\/users\/1"}],"replies":[{"embeddable":true,"href":"https:\/\/www.mixedabilitysports.org\/es\/wp-json\/wp\/v2\/comments?post=16145"}],"version-history":[{"count":0,"href":"https:\/\/www.mixedabilitysports.org\/es\/wp-json\/wp\/v2\/pages\/16145\/revisions"}],"wp:attachment":[{"href":"https:\/\/www.mixedabilitysports.org\/es\/wp-json\/wp\/v2\/media?parent=16145"}],"curies":[{"name":"wp","href":"https:\/\/api.w.org\/{rel}","templated":true}]}}