{"id":15552,"date":"2023-12-14T14:40:11","date_gmt":"2023-12-14T14:40:11","guid":{"rendered":"https:\/\/hanson6.co.uk\/imas\/coproduzione-e-cambiamento-sistemico\/"},"modified":"2023-12-19T16:18:18","modified_gmt":"2023-12-19T16:18:18","slug":"coproduzione-e-cambiamento-sistemico","status":"publish","type":"page","link":"https:\/\/www.mixedabilitysports.org\/it\/coproduzione-e-cambiamento-sistemico\/","title":{"rendered":"Coproduzione e cambiamento sistemico"},"content":{"rendered":"<p>[et_pb_section fb_built=&#8221;1&#8243; custom_padding_last_edited=&#8221;on|phone&#8221; _builder_version=&#8221;4.19.5&#8243; _module_preset=&#8221;default&#8221; background_color=&#8221;#78ADC1&#8243; background_image=&#8221;https:\/\/www.mixedabilitysports.org\/wp-content\/uploads\/bg-title-5.jpg&#8221; background_position=&#8221;bottom_center&#8221; background_blend=&#8221;overlay&#8221; background_enable_mask_style=&#8221;on&#8221; background_mask_color=&#8221;#FFFFFF&#8221; background_mask_transform=&#8221;invert&#8221; custom_padding=&#8221;1px||0px||false|false&#8221; custom_padding_tablet=&#8221;10px||0px||false|false&#8221; custom_padding_phone=&#8221;10px||0px||false|false&#8221; top_divider_height_tablet=&#8221;80px&#8221; top_divider_height_phone=&#8221;50px&#8221; top_divider_height_last_edited=&#8221;on|desktop&#8221; bottom_divider_style=&#8221;ramp2&#8243; bottom_divider_color=&#8221;#1B475C&#8221; bottom_divider_repeat=&#8221;1x&#8221; bottom_divider_flip=&#8221;horizontal&#8221; bottom_divider_style_tablet=&#8221;ramp2&#8243; bottom_divider_style_phone=&#8221;ramp2&#8243; bottom_divider_style_last_edited=&#8221;on|desktop&#8221; bottom_divider_height_tablet=&#8221;70px&#8221; bottom_divider_height_phone=&#8221;50px&#8221; bottom_divider_height_last_edited=&#8221;on|desktop&#8221; locked=&#8221;off&#8221; global_colors_info=&#8221;{}&#8221;][et_pb_row column_structure=&#8221;1_2,1_2&#8243; use_custom_gutter=&#8221;on&#8221; gutter_width=&#8221;2&#8243; make_equal=&#8221;on&#8221; _builder_version=&#8221;4.19.5&#8243; _module_preset=&#8221;default&#8221; width=&#8221;90%&#8221; max_width=&#8221;90%&#8221; custom_margin=&#8221;20px||0px||false|false&#8221; custom_margin_tablet=&#8221;0px||||false|false&#8221; custom_margin_phone=&#8221;0px||||false|false&#8221; custom_margin_last_edited=&#8221;on|desktop&#8221; custom_padding=&#8221;0px||0px||false|false&#8221; global_colors_info=&#8221;{}&#8221;][et_pb_column type=&#8221;1_2&#8243; _builder_version=&#8221;4.19.5&#8243; _module_preset=&#8221;default&#8221; custom_padding=&#8221;||0px||false|false&#8221; custom_padding_tablet=&#8221;||0px||false|false&#8221; custom_padding_phone=&#8221;||0px||false|false&#8221; custom_padding_last_edited=&#8221;on|phone&#8221; global_colors_info=&#8221;{}&#8221;][dipl_double_color_heading heading_main_part=&#8221;@ET-DC@eyJkeW5hbWljIjp0cnVlLCJjb250ZW50IjoicG9zdF90aXRsZSIsInNldHRpbmdzIjp7ImJlZm9yZSI6IiIsImFmdGVyIjoiIn19@&#8221; _builder_version=&#8221;4.19.5&#8243; _dynamic_attributes=&#8221;heading_main_part&#8221; _module_preset=&#8221;default&#8221; main_header_font=&#8221;|800|||||||&#8221; main_header_text_color=&#8221;#1B475C&#8221; main_header_font_size=&#8221;55px&#8221; main_header_line_height=&#8221;1.1em&#8221; custom_margin=&#8221;40px||10px||false|false&#8221; custom_margin_tablet=&#8221;20px||0px||false|false&#8221; custom_margin_phone=&#8221;20px||||false|false&#8221; custom_margin_last_edited=&#8221;on|phone&#8221; custom_padding=&#8221;||0px||false|false&#8221; main_header_font_tablet=&#8221;|800|||||||&#8221; main_header_font_phone=&#8221;|800|||||||&#8221; main_header_font_last_edited=&#8221;on|desktop&#8221; main_header_font_size_tablet=&#8221;55px&#8221; main_header_font_size_phone=&#8221;27px&#8221; main_header_font_size_last_edited=&#8221;on|phone&#8221; global_colors_info=&#8221;{}&#8221;][\/dipl_double_color_heading][\/et_pb_column][et_pb_column type=&#8221;1_2&#8243; _builder_version=&#8221;4.19.2&#8243; _module_preset=&#8221;default&#8221; global_colors_info=&#8221;{}&#8221;][et_pb_image src=&#8221;https:\/\/www.mixedabilitysports.org\/wp-content\/uploads\/IMAS-Characters-17-1.png&#8221; title_text=&#8221;IMAS-Characters-17&#8243; show_bottom_space=&#8221;off&#8221; align=&#8221;right&#8221; show_bottom_space_tablet=&#8221;off&#8221; show_bottom_space_phone=&#8221;off&#8221; show_bottom_space_last_edited=&#8221;on|phone&#8221; _builder_version=&#8221;4.19.5&#8243; _module_preset=&#8221;default&#8221; width=&#8221;80%&#8221; custom_margin=&#8221;0px||||false|false&#8221; custom_padding=&#8221;0px||||false|false&#8221; global_colors_info=&#8221;{}&#8221;][\/et_pb_image][\/et_pb_column][\/et_pb_row][\/et_pb_section][et_pb_section fb_built=&#8221;1&#8243; admin_label=&#8221;TBVS &#8211; Light &#8211; Content 10&#8243; module_class=&#8221;tbvs-section-light&#8221; _builder_version=&#8221;4.19.5&#8243; _module_preset=&#8221;default&#8221; background_color=&#8221;#e4eff3&#8243; custom_margin=&#8221;0px||||false|false&#8221; custom_margin_tablet=&#8221;||0px||false|false&#8221; custom_margin_phone=&#8221;||0px||false|false&#8221; custom_margin_last_edited=&#8221;on|desktop&#8221; custom_padding=&#8221;0px||0px||false|false&#8221; top_divider_style=&#8221;ramp2&#8243; top_divider_color=&#8221;#1B475C&#8221; top_divider_height=&#8221;70px&#8221; top_divider_repeat=&#8221;1x&#8221; top_divider_flip=&#8221;horizontal&#8221; top_divider_height_tablet=&#8221;50px&#8221; top_divider_height_phone=&#8221;50px&#8221; top_divider_height_last_edited=&#8221;on|desktop&#8221; global_colors_info=&#8221;{}&#8221;][et_pb_row _builder_version=&#8221;4.19.5&#8243; _module_preset=&#8221;default&#8221; global_colors_info=&#8221;{}&#8221;][et_pb_column type=&#8221;4_4&#8243; _builder_version=&#8221;4.19.5&#8243; _module_preset=&#8221;default&#8221; global_colors_info=&#8221;{}&#8221;][et_pb_text _builder_version=&#8221;4.19.5&#8243; _module_preset=&#8221;default&#8221; global_colors_info=&#8221;{}&#8221;][\/et_pb_text][\/et_pb_column][\/et_pb_row][\/et_pb_section][et_pb_section fb_built=&#8221;1&#8243; admin_label=&#8221;TBVS &#8211; Light &#8211; Content 6&#8243; module_class=&#8221;tbvs-section-light&#8221; _builder_version=&#8221;4.19.5&#8243; _module_preset=&#8221;default&#8221; background_color=&#8221;rgba(120,173,193,0.2)&#8221; custom_margin=&#8221;||||false|false&#8221; custom_padding=&#8221;||||false|false&#8221; global_colors_info=&#8221;{}&#8221;][et_pb_row column_structure=&#8221;2_5,3_5&#8243; _builder_version=&#8221;4.20.2&#8243; _module_preset=&#8221;default&#8221; width=&#8221;90%&#8221; custom_padding=&#8221;0px||0px||false|false&#8221; global_colors_info=&#8221;{}&#8221;][et_pb_column type=&#8221;2_5&#8243; _builder_version=&#8221;4.19.5&#8243; _module_preset=&#8221;default&#8221; global_colors_info=&#8221;{}&#8221;][et_pb_text _builder_version=&#8221;4.21.0&#8243; _module_preset=&#8221;default&#8221; header_2_font=&#8221;Montserrat|800|||||||&#8221; header_2_text_color=&#8221;#181818&#8243; header_2_font_size=&#8221;38px&#8221; header_2_line_height=&#8221;1.1em&#8221; header_3_text_color=&#8221;#1B475C&#8221; header_3_font_size=&#8221;25px&#8221; header_3_line_height=&#8221;1.3em&#8221; global_colors_info=&#8221;{}&#8221;]<\/p>\n<h3><strong>Dichiarazione sulla coproduzione<\/strong><\/h3>\n<p>[\/et_pb_text][et_pb_divider color=&#8221;#EC7323&#8243; divider_weight=&#8221;2px&#8221; _builder_version=&#8221;4.19.5&#8243; _module_preset=&#8221;default&#8221; width=&#8221;30%&#8221; max_width=&#8221;50%&#8221; module_alignment=&#8221;left&#8221; custom_margin=&#8221;0px||10px||false|false&#8221; custom_padding=&#8221;||||false|false&#8221; locked=&#8221;off&#8221; global_colors_info=&#8221;{}&#8221;][\/et_pb_divider][et_pb_text _builder_version=&#8221;4.21.0&#8243; _module_preset=&#8221;52ee86fa-f61a-4b88-9088-886eb500f425&#8243; global_colors_info=&#8221;{}&#8221;]<\/p>\n<p>Il Mixed Ability \u00e8 iniziato quando persone che erano escluse dal poter prendere decisioni quotidiane circa la propria vita hanno deciso di sfidare queste discriminazioni, e non accettare pi\u00f9 che altri potessero dire quello che possiamo o non possiamo fare.<\/p>\n<p>Il Gruppo di \u2018Inclusione attraverso lo Sport\u2019 di IMAS include esperti con esperienza vissuta di disabilit\u00e0. Ci riuniamo ogni settimana per condividere esperienze, e coprodurre materiali educativi e formativi che sono una parte essenziale del lavoro di IMAS. Questa \u00e8 una rete internazionale con esperti con esperienza in molti paesi.<\/p>\n<p>[\/et_pb_text][et_pb_testimonial quote_icon_color=&#8221;#EC7323&#8243; quote_icon_background_color=&#8221;#e4eff3&#8243; _builder_version=&#8221;4.21.0&#8243; _module_preset=&#8221;default&#8221; body_font=&#8221;|700|||||||&#8221; body_font_size=&#8221;21px&#8221; background_color=&#8221;rgba(120,173,193,0.2)&#8221; border_width_bottom=&#8221;2px&#8221; border_color_bottom=&#8221;#EC7323&#8243; locked=&#8221;off&#8221; global_colors_info=&#8221;{}&#8221;]<\/p>\n<p><em>\u201cRiconosciamo che la coproduzione \u00e8 un mezzo di inclusione e noi vogliamo essere inclusi, e rivendichiamo il diritto di poter cambiare le cose che ci riguardano direttamente\u201d<\/em><\/p>\n<p>[\/et_pb_testimonial][et_pb_text _builder_version=&#8221;4.21.0&#8243; _module_preset=&#8221;52ee86fa-f61a-4b88-9088-886eb500f425&#8243; global_colors_info=&#8221;{}&#8221;]<\/p>\n<p>Il Mixed Ability va oltre la coproduzione e utilizza direttamente le voci, le esperienze e le abilit\u00e0 dei nostri partecipanti per formare altri alleati ed eliminare le barriere alla partecipazione nello sport cos\u00ec come nella societ\u00e0.<\/p>\n<p>[\/et_pb_text][\/et_pb_column][et_pb_column type=&#8221;3_5&#8243; _builder_version=&#8221;4.19.5&#8243; _module_preset=&#8221;default&#8221; global_colors_info=&#8221;{}&#8221;][et_pb_divider color=&#8221;#EC7323&#8243; divider_weight=&#8221;2px&#8221; _builder_version=&#8221;4.19.5&#8243; _module_preset=&#8221;default&#8221; width=&#8221;30%&#8221; max_width=&#8221;50%&#8221; module_alignment=&#8221;left&#8221; custom_margin=&#8221;0px||10px||false|false&#8221; custom_padding=&#8221;||||false|false&#8221; locked=&#8221;off&#8221; global_colors_info=&#8221;{}&#8221;][\/et_pb_divider][et_pb_image src=&#8221;https:\/\/www.mixedabilitysports.org\/wp-content\/uploads\/systematic-change.jpg&#8221; title_text=&#8221;IMAS Conference Cork 2022 -4069.jpg&#8221; _builder_version=&#8221;4.21.2&#8243; _module_preset=&#8221;9d44f2da-f83b-4d65-8044-a49806776c82&#8243; global_colors_info=&#8221;{}&#8221;][\/et_pb_image][\/et_pb_column][\/et_pb_row][\/et_pb_section][et_pb_section fb_built=&#8221;1&#8243; admin_label=&#8221;TBVS &#8211; Dark &#8211; Content 5&#8243; module_class=&#8221;tbvs-section-dark&#8221; _builder_version=&#8221;4.19.5&#8243; _module_preset=&#8221;default&#8221; background_color=&#8221;#1B475C&#8221; custom_padding=&#8221;100px||100px||false|false&#8221; top_divider_style=&#8221;ramp2&#8243; top_divider_color=&#8221;#e4eff3&#8243; top_divider_flip=&#8221;horizontal|vertical&#8221; bottom_divider_style=&#8221;ramp2&#8243; bottom_divider_color=&#8221;#e4eff3&#8243; bottom_divider_flip=&#8221;horizontal|vertical&#8221; global_colors_info=&#8221;{}&#8221;][et_pb_row _builder_version=&#8221;4.19.5&#8243; _module_preset=&#8221;default&#8221; width=&#8221;90%&#8221; custom_padding=&#8221;0px||0px||false|false&#8221; global_colors_info=&#8221;{}&#8221;][et_pb_column type=&#8221;4_4&#8243; _builder_version=&#8221;4.19.5&#8243; _module_preset=&#8221;default&#8221; global_colors_info=&#8221;{}&#8221;][et_pb_text _builder_version=&#8221;4.21.0&#8243; _module_preset=&#8221;default&#8221; text_text_color=&#8221;#FFFFFF&#8221; header_2_font=&#8221;Montserrat|800|||||||&#8221; header_2_text_color=&#8221;#181818&#8243; header_2_font_size=&#8221;38px&#8221; header_2_line_height=&#8221;1.1em&#8221; header_3_text_color=&#8221;#FFFFFF&#8221; header_3_font_size=&#8221;25px&#8221; header_3_line_height=&#8221;1.3em&#8221; global_colors_info=&#8221;{}&#8221;]<\/p>\n<h3><strong>Cambiamento sistemico<\/strong><\/h3>\n<p>[\/et_pb_text][et_pb_divider color=&#8221;#EC7323&#8243; divider_weight=&#8221;2px&#8221; _builder_version=&#8221;4.19.5&#8243; _module_preset=&#8221;default&#8221; width=&#8221;15%&#8221; max_width=&#8221;15%&#8221; module_alignment=&#8221;left&#8221; custom_margin=&#8221;0px||10px||false|false&#8221; custom_padding=&#8221;||||false|false&#8221; locked=&#8221;off&#8221; global_colors_info=&#8221;{}&#8221;][\/et_pb_divider][\/et_pb_column][\/et_pb_row][et_pb_row _builder_version=&#8221;4.19.5&#8243; _module_preset=&#8221;default&#8221; width=&#8221;90%&#8221; custom_padding=&#8221;0px||0px||false|false&#8221; global_colors_info=&#8221;{}&#8221;][et_pb_column type=&#8221;4_4&#8243; _builder_version=&#8221;4.19.5&#8243; _module_preset=&#8221;default&#8221; global_colors_info=&#8221;{}&#8221;][et_pb_image src=&#8221;https:\/\/www.mixedabilitysports.org\/wp-content\/uploads\/MapDesign.jpg&#8221; title_text=&#8221;MapDesign&#8221; _builder_version=&#8221;4.21.0&#8243; _module_preset=&#8221;9d44f2da-f83b-4d65-8044-a49806776c82&#8243; global_colors_info=&#8221;{}&#8221;][\/et_pb_image][\/et_pb_column][\/et_pb_row][et_pb_row column_structure=&#8221;2_5,3_5&#8243; _builder_version=&#8221;4.21.0&#8243; _module_preset=&#8221;default&#8221; width=&#8221;90%&#8221; custom_margin=&#8221;50px||||false|false&#8221; custom_padding=&#8221;0px||0px||false|false&#8221; global_colors_info=&#8221;{}&#8221;][et_pb_column type=&#8221;2_5&#8243; _builder_version=&#8221;4.19.5&#8243; _module_preset=&#8221;default&#8221; global_colors_info=&#8221;{}&#8221;][et_pb_text _builder_version=&#8221;4.21.0&#8243; _module_preset=&#8221;52ee86fa-f61a-4b88-9088-886eb500f425&#8243; text_text_color=&#8221;#FFFFFF&#8221; background_layout=&#8221;dark&#8221; global_colors_info=&#8221;{}&#8221;]<\/p>\n<p>Molte persone oggi affrontano barriere per partecipare allo sport a causa dello stigma, dei pregiudizi o delle percezioni personali sulle proprie capacit\u00e0. IMAS esiste per cambiare questo attraverso il modello Mixed Ability! Il modello Mixed Ability non \u00e8 altro che sport, educazione e opportunit\u00e0, riconoscendo il diritto di tutte le persone a prendere parte allo sport comunitario, come uguali, senza essere separate, classificate o identificate.<\/p>\n<p>La formazione \u00e8 una componente fondamentale del modello Mixed Ability. La squadra educativa di IMAS impiega esperti ed esperte con esperienza diretta nella disabilit\u00e0, coproduce e impartisce formazione e risorse Mixed Ability, condividendo la conoscenza e le esperienze con allenatori, club, federazioni, e molte altre organizzazioni pubbliche e private.<\/p>\n<p>Tra questi figurano istituzioni educative, professionisti della salute, enti del terzo settore e imprese private. In questo modo, si d\u00e0 spazio a voci rilevanti, si concretizzano modelli realistici e chi ha l\u2019esperienza diretta di superare l\u2019esclusione pu\u00f2 influenzare direttamente il cambiamento in senso positivo. Tutti questi contesti si collegano per creare impatti trasformativi a livello dell\u2019intero sistema sociale.<\/p>\n<p>[\/et_pb_text][\/et_pb_column][et_pb_column type=&#8221;3_5&#8243; _builder_version=&#8221;4.19.5&#8243; _module_preset=&#8221;default&#8221; global_colors_info=&#8221;{}&#8221;][et_pb_text _builder_version=&#8221;4.21.0&#8243; _module_preset=&#8221;52ee86fa-f61a-4b88-9088-886eb500f425&#8243; text_text_color=&#8221;#FFFFFF&#8221; background_layout=&#8221;dark&#8221; global_colors_info=&#8221;{}&#8221;]<\/p>\n<p>Quindi, dove ci pu\u00f2 condurre tutto questo? Insieme, possiamo trasformare le politiche affinch\u00e9 i legami tra salute, l\u2019educazione e lo sport siano allineati e perch\u00e9 le persone si trovino al centro delle decisioni sulle proprie vite e sul proprio futuro. Possiamo reimmaginare lo sport, laddove l\u2019accento sia non solamente sulla performance e il livello  d\u2019\u00e9lite ma sul benessere, la crescita personale e sociale, e la salute a 360 gradi.<\/p>\n<p>E possiamo creare un movimento internazionale in cui le esperienze circolano, si confrontano e si rinforzano a livello globale per ottenere un impatto che sia rilevante in tutti i contesti. Dopo tutto, se questo \u00e8 possibile nello sport, perch\u00e9 non nel resto della societ\u00e0?<\/p>\n<p>[\/et_pb_text][et_pb_testimonial author=&#8221;Catherine Carty&#8221; job_title=&#8221;Cattedra UNESCO&#8221; company_name=&#8221;MTU&#8221; quote_icon_color=&#8221;#78ADC1&#8243; quote_icon_background_color=&#8221;#1B475C&#8221; _builder_version=&#8221;4.21.0&#8243; _module_preset=&#8221;default&#8221; body_font=&#8221;|700|||||||&#8221; body_text_color=&#8221;#FFFFFF&#8221; body_font_size=&#8221;21px&#8221; author_text_align=&#8221;left&#8221; author_text_color=&#8221;#EC7323&#8243; author_font_size=&#8221;21px&#8221; position_text_color=&#8221;#FFFFFF&#8221; position_font_size=&#8221;19px&#8221; company_font=&#8221;|700|||||||&#8221; company_text_color=&#8221;#FFFFFF&#8221; company_font_size=&#8221;20px&#8221; background_color=&#8221;rgba(120,173,193,0.2)&#8221; border_width_bottom=&#8221;2px&#8221; border_color_bottom=&#8221;#78ADC1&#8243; locked=&#8221;off&#8221; global_colors_info=&#8221;{}&#8221;]<\/p>\n<p><em>Se potessimo incominciare a disegnare lo sport di nuovo, da zero, \u00e8 molto probabile che finiremmo con il modello Mixed Ability.<\/em><\/p>\n<p>[\/et_pb_testimonial][et_pb_button button_url=&#8221;https:\/\/www.mixedabilitysports.org\/wp-content\/uploads\/Mixed_Ability_A_systems_approach.pdf&#8221; url_new_window=&#8221;on&#8221; button_text=&#8221;Cambiando il mondo con il Mixed Ability: un approccio sistemico&#8221; button_alignment=&#8221;center&#8221; _builder_version=&#8221;4.21.0&#8243; _module_preset=&#8221;b62280c6-96c8-4140-90ed-3df82b81b604&#8243; button_use_icon=&#8221;on&#8221; button_icon=&#8221;&#xe092;||divi||400&#8243; button_icon_placement=&#8221;left&#8221; button_on_hover=&#8221;off&#8221; custom_css_main_element=&#8221;width:100%;&#8221; locked=&#8221;off&#8221; global_colors_info=&#8221;{}&#8221;][\/et_pb_button][\/et_pb_column][\/et_pb_row][et_pb_row _builder_version=&#8221;4.21.0&#8243; _module_preset=&#8221;default&#8221; width=&#8221;90%&#8221; custom_padding=&#8221;||0px||false|false&#8221; global_colors_info=&#8221;{}&#8221;][et_pb_column type=&#8221;4_4&#8243; _builder_version=&#8221;4.19.5&#8243; _module_preset=&#8221;default&#8221; global_colors_info=&#8221;{}&#8221;][et_pb_divider color=&#8221;#EC7323&#8243; divider_weight=&#8221;2px&#8221; _builder_version=&#8221;4.19.5&#8243; _module_preset=&#8221;default&#8221; width=&#8221;15%&#8221; max_width=&#8221;15%&#8221; module_alignment=&#8221;right&#8221; custom_margin=&#8221;0px||10px||false|false&#8221; custom_padding=&#8221;||||false|false&#8221; locked=&#8221;off&#8221; global_colors_info=&#8221;{}&#8221;][\/et_pb_divider][\/et_pb_column][\/et_pb_row][\/et_pb_section][et_pb_section fb_built=&#8221;1&#8243; admin_label=&#8221;TBVS &#8211; Light &#8211; Content 6&#8243; module_class=&#8221;tbvs-section-light&#8221; _builder_version=&#8221;4.19.5&#8243; _module_preset=&#8221;default&#8221; background_color=&#8221;#e4eff3&#8243; custom_padding=&#8221;0px||||false|false&#8221; bottom_divider_style=&#8221;asymmetric2&#8243; bottom_divider_color=&#8221;#FFFFFF&#8221; bottom_divider_flip=&#8221;vertical&#8221; global_colors_info=&#8221;{}&#8221;][et_pb_row _builder_version=&#8221;4.19.5&#8243; _module_preset=&#8221;default&#8221; width=&#8221;60%&#8221; max_width=&#8221;100%&#8221; custom_padding=&#8221;0px||||false|false&#8221; global_colors_info=&#8221;{}&#8221;][et_pb_column type=&#8221;4_4&#8243; _builder_version=&#8221;4.19.5&#8243; _module_preset=&#8221;default&#8221; global_colors_info=&#8221;{}&#8221;][\/et_pb_column][\/et_pb_row][\/et_pb_section]<\/p>\n","protected":false},"excerpt":{"rendered":"<p><div class=\"et_pb_module dipl_double_color_heading dipl_double_color_heading_0 \">\n\t\t\t\t\n\t\t\t\t\n\t\t\t\t\n\t\t\t\t\n\t\t\t\t\n\t\t\t\t\n\t\t\t\t<div class=\"et_pb_module_inner\">\n\t\t\t\t\t<div class=\"dipl_text_wrapper\"><h2><\/h2><\/div>\n\t\t\t\t<\/div>\n\t\t\t<\/div>Dichiarazione sulla coproduzioneIl Mixed Ability \u00e8 iniziato quando persone che erano escluse dal poter prendere decisioni quotidiane circa la propria vita hanno deciso di sfidare queste discriminazioni, e non accettare pi\u00f9 che altri potessero dire [&hellip;]<\/p>\n","protected":false},"author":1,"featured_media":0,"parent":0,"menu_order":0,"comment_status":"closed","ping_status":"closed","template":"","meta":{"_et_pb_use_builder":"on","_et_pb_old_content":"","_et_gb_content_width":"","footnotes":""},"class_list":["post-15552","page","type-page","status-publish","hentry"],"_links":{"self":[{"href":"https:\/\/www.mixedabilitysports.org\/it\/wp-json\/wp\/v2\/pages\/15552","targetHints":{"allow":["GET"]}}],"collection":[{"href":"https:\/\/www.mixedabilitysports.org\/it\/wp-json\/wp\/v2\/pages"}],"about":[{"href":"https:\/\/www.mixedabilitysports.org\/it\/wp-json\/wp\/v2\/types\/page"}],"author":[{"embeddable":true,"href":"https:\/\/www.mixedabilitysports.org\/it\/wp-json\/wp\/v2\/users\/1"}],"replies":[{"embeddable":true,"href":"https:\/\/www.mixedabilitysports.org\/it\/wp-json\/wp\/v2\/comments?post=15552"}],"version-history":[{"count":0,"href":"https:\/\/www.mixedabilitysports.org\/it\/wp-json\/wp\/v2\/pages\/15552\/revisions"}],"wp:attachment":[{"href":"https:\/\/www.mixedabilitysports.org\/it\/wp-json\/wp\/v2\/media?parent=15552"}],"curies":[{"name":"wp","href":"https:\/\/api.w.org\/{rel}","templated":true}]}}