{"id":15995,"date":"2023-12-14T15:41:58","date_gmt":"2023-12-14T15:41:58","guid":{"rendered":"https:\/\/hanson6.co.uk\/imas\/per-le-organizzazioni-e-le-imprese\/"},"modified":"2023-12-17T16:15:08","modified_gmt":"2023-12-17T16:15:08","slug":"per-le-organizzazioni-e-le-imprese","status":"publish","type":"page","link":"https:\/\/www.mixedabilitysports.org\/it\/per-le-organizzazioni-e-le-imprese\/","title":{"rendered":"Per le organizzazioni e le imprese"},"content":{"rendered":"<p>[et_pb_section fb_built=&#8221;1&#8243; custom_padding_last_edited=&#8221;on|phone&#8221; _builder_version=&#8221;4.19.5&#8243; _module_preset=&#8221;default&#8221; background_color=&#8221;#78ADC1&#8243; background_image=&#8221;https:\/\/www.mixedabilitysports.org\/wp-content\/uploads\/bg-title-5.jpg&#8221; background_position=&#8221;bottom_center&#8221; background_blend=&#8221;overlay&#8221; background_enable_mask_style=&#8221;on&#8221; background_mask_color=&#8221;#FFFFFF&#8221; background_mask_transform=&#8221;invert&#8221; custom_padding=&#8221;1px||0px||false|false&#8221; custom_padding_tablet=&#8221;10px||0px||false|false&#8221; custom_padding_phone=&#8221;10px||0px||false|false&#8221; top_divider_height_tablet=&#8221;80px&#8221; top_divider_height_phone=&#8221;50px&#8221; top_divider_height_last_edited=&#8221;on|desktop&#8221; bottom_divider_style=&#8221;ramp2&#8243; bottom_divider_color=&#8221;#1B475C&#8221; bottom_divider_repeat=&#8221;1x&#8221; bottom_divider_flip=&#8221;horizontal&#8221; bottom_divider_style_tablet=&#8221;ramp2&#8243; bottom_divider_style_phone=&#8221;ramp2&#8243; bottom_divider_style_last_edited=&#8221;on|desktop&#8221; bottom_divider_height_tablet=&#8221;70px&#8221; bottom_divider_height_phone=&#8221;50px&#8221; bottom_divider_height_last_edited=&#8221;on|desktop&#8221; locked=&#8221;off&#8221; global_colors_info=&#8221;{}&#8221;][et_pb_row column_structure=&#8221;1_2,1_2&#8243; use_custom_gutter=&#8221;on&#8221; gutter_width=&#8221;2&#8243; make_equal=&#8221;on&#8221; _builder_version=&#8221;4.19.5&#8243; _module_preset=&#8221;default&#8221; width=&#8221;90%&#8221; max_width=&#8221;90%&#8221; custom_margin=&#8221;20px||0px||false|false&#8221; custom_margin_tablet=&#8221;0px||||false|false&#8221; custom_margin_phone=&#8221;0px||||false|false&#8221; custom_margin_last_edited=&#8221;on|desktop&#8221; custom_padding=&#8221;0px||0px||false|false&#8221; global_colors_info=&#8221;{}&#8221;][et_pb_column type=&#8221;1_2&#8243; _builder_version=&#8221;4.19.5&#8243; _module_preset=&#8221;default&#8221; custom_padding=&#8221;||0px||false|false&#8221; custom_padding_tablet=&#8221;||0px||false|false&#8221; custom_padding_phone=&#8221;||0px||false|false&#8221; custom_padding_last_edited=&#8221;on|phone&#8221; global_colors_info=&#8221;{}&#8221;][dipl_double_color_heading heading_main_part=&#8221;@ET-DC@eyJkeW5hbWljIjp0cnVlLCJjb250ZW50IjoicG9zdF90aXRsZSIsInNldHRpbmdzIjp7ImJlZm9yZSI6IiIsImFmdGVyIjoiIn19@&#8221; _builder_version=&#8221;4.19.5&#8243; _dynamic_attributes=&#8221;heading_main_part&#8221; _module_preset=&#8221;default&#8221; main_header_font=&#8221;|800|||||||&#8221; main_header_text_color=&#8221;#1B475C&#8221; main_header_font_size=&#8221;55px&#8221; main_header_line_height=&#8221;1.1em&#8221; custom_margin=&#8221;40px||10px||false|false&#8221; custom_margin_tablet=&#8221;20px||0px||false|false&#8221; custom_margin_phone=&#8221;20px||||false|false&#8221; custom_margin_last_edited=&#8221;on|phone&#8221; custom_padding=&#8221;||0px||false|false&#8221; main_header_font_tablet=&#8221;|800|||||||&#8221; main_header_font_phone=&#8221;|800|||||||&#8221; main_header_font_last_edited=&#8221;on|desktop&#8221; main_header_font_size_tablet=&#8221;55px&#8221; main_header_font_size_phone=&#8221;27px&#8221; main_header_font_size_last_edited=&#8221;on|phone&#8221; global_colors_info=&#8221;{}&#8221;][\/dipl_double_color_heading][\/et_pb_column][et_pb_column type=&#8221;1_2&#8243; _builder_version=&#8221;4.19.2&#8243; _module_preset=&#8221;default&#8221; global_colors_info=&#8221;{}&#8221;][et_pb_image src=&#8221;https:\/\/www.mixedabilitysports.org\/wp-content\/uploads\/IMAS-Characters-02-1.png&#8221; title_text=&#8221;IMAS-Characters-02&#8243; show_bottom_space=&#8221;off&#8221; align=&#8221;center&#8221; show_bottom_space_tablet=&#8221;off&#8221; show_bottom_space_phone=&#8221;off&#8221; show_bottom_space_last_edited=&#8221;on|phone&#8221; _builder_version=&#8221;4.19.5&#8243; _module_preset=&#8221;default&#8221; width=&#8221;90%&#8221; module_alignment=&#8221;right&#8221; custom_margin=&#8221;0px||||false|false&#8221; custom_padding=&#8221;0px||||false|false&#8221; global_colors_info=&#8221;{}&#8221;][\/et_pb_image][\/et_pb_column][\/et_pb_row][\/et_pb_section][et_pb_section fb_built=&#8221;1&#8243; admin_label=&#8221;TBVS &#8211; Light &#8211; Content 10&#8243; module_class=&#8221;tbvs-section-light&#8221; _builder_version=&#8221;4.19.5&#8243; _module_preset=&#8221;default&#8221; background_color=&#8221;#e4eff3&#8243; custom_margin=&#8221;0px||||false|false&#8221; custom_margin_tablet=&#8221;||0px||false|false&#8221; custom_margin_phone=&#8221;||0px||false|false&#8221; custom_margin_last_edited=&#8221;on|desktop&#8221; custom_padding=&#8221;0px||0px||false|false&#8221; top_divider_style=&#8221;ramp2&#8243; top_divider_color=&#8221;#1B475C&#8221; top_divider_height=&#8221;70px&#8221; top_divider_repeat=&#8221;1x&#8221; top_divider_flip=&#8221;horizontal&#8221; top_divider_height_tablet=&#8221;50px&#8221; top_divider_height_phone=&#8221;50px&#8221; top_divider_height_last_edited=&#8221;on|desktop&#8221; locked=&#8221;off&#8221; global_colors_info=&#8221;{}&#8221;][et_pb_row _builder_version=&#8221;4.19.5&#8243; _module_preset=&#8221;default&#8221; global_colors_info=&#8221;{}&#8221;][et_pb_column type=&#8221;4_4&#8243; _builder_version=&#8221;4.19.5&#8243; _module_preset=&#8221;default&#8221; global_colors_info=&#8221;{}&#8221;][et_pb_text _builder_version=&#8221;4.19.5&#8243; _module_preset=&#8221;default&#8221; global_colors_info=&#8221;{}&#8221;][\/et_pb_text][\/et_pb_column][\/et_pb_row][\/et_pb_section][et_pb_section fb_built=&#8221;1&#8243; admin_label=&#8221;TBVS &#8211; Light &#8211; Content 7&#8243; module_class=&#8221;tbvs-section-light&#8221; _builder_version=&#8221;4.19.5&#8243; _module_preset=&#8221;default&#8221; background_color=&#8221;rgba(120,173,193,0.2)&#8221; custom_margin=&#8221;||0px||false|false&#8221; custom_padding=&#8221;||0px||false|false&#8221; bottom_divider_flip=&#8221;vertical&#8221; global_colors_info=&#8221;{}&#8221;][et_pb_row column_structure=&#8221;2_5,3_5&#8243; _builder_version=&#8221;4.19.5&#8243; _module_preset=&#8221;default&#8221; width=&#8221;90%&#8221; custom_padding=&#8221;0px||0px||false|false&#8221; global_colors_info=&#8221;{}&#8221;][et_pb_column type=&#8221;2_5&#8243; _builder_version=&#8221;4.16&#8243; _module_preset=&#8221;default&#8221; custom_padding_tablet=&#8221;||30px||false|false&#8221; custom_padding_phone=&#8221;&#8221; custom_padding_last_edited=&#8221;on|tablet&#8221; global_colors_info=&#8221;{}&#8221;][et_pb_text _builder_version=&#8221;4.19.5&#8243; _module_preset=&#8221;default&#8221; header_2_font=&#8221;Montserrat|800|||||||&#8221; header_2_text_color=&#8221;#181818&#8243; header_2_font_size=&#8221;38px&#8221; header_2_line_height=&#8221;1.1em&#8221; header_3_text_color=&#8221;#1B475C&#8221; header_3_font_size=&#8221;25px&#8221; header_3_line_height=&#8221;1.3em&#8221; global_colors_info=&#8221;{}&#8221;]<\/p>\n<h3><strong>Credi che la tua organizzazione o impresa possa trarre vantaggio dall\u2019adottare modi innovativi per migliorare la comunicazione, la diversit\u00e0, l\u2019uguaglianza e la fiducia reciproca?<\/strong><\/h3>\n<p>[\/et_pb_text][et_pb_divider color=&#8221;#EC7323&#8243; divider_weight=&#8221;2px&#8221; _builder_version=&#8221;4.19.5&#8243; _module_preset=&#8221;default&#8221; width=&#8221;30%&#8221; max_width=&#8221;50%&#8221; module_alignment=&#8221;left&#8221; custom_margin=&#8221;0px||10px||false|false&#8221; custom_padding=&#8221;||||false|false&#8221; locked=&#8221;off&#8221; global_colors_info=&#8221;{}&#8221;][\/et_pb_divider][et_pb_text _builder_version=&#8221;4.19.5&#8243; _module_preset=&#8221;default&#8221; text_font=&#8221;||||||||&#8221; text_text_color=&#8221;#1B475C&#8221; header_4_font_size=&#8221;23px&#8221; header_4_line_height=&#8221;1.4em&#8221; global_colors_info=&#8221;{}&#8221;]<\/p>\n<h4>Se \u00e8 cos\u00ec, ci piacerebbe discutere con te della nostra offerta formativa che \u00e8 interattiva, coprodotta e stimolante.<\/h4>\n<p>[\/et_pb_text][et_pb_button button_url=&#8221;https:\/\/www.mixedabilitysports.org\/wp-content\/uploads\/IMAS_CSR_Brochure.pdf&#8221; url_new_window=&#8221;on&#8221; button_text=&#8221;Informativa dei Team Days IMAS&#8221; button_alignment=&#8221;center&#8221; _builder_version=&#8221;4.19.5&#8243; _module_preset=&#8221;e272bca2-0976-4a88-8960-cbf1182fd96d&#8221; button_use_icon=&#8221;on&#8221; button_icon=&#8221;&#xe092;||divi||400&#8243; button_icon_placement=&#8221;left&#8221; button_on_hover=&#8221;off&#8221; custom_css_main_element=&#8221;width:100%;&#8221; global_colors_info=&#8221;{}&#8221; button_bg_enable_color__hover=&#8221;on&#8221;][\/et_pb_button][\/et_pb_column][et_pb_column type=&#8221;3_5&#8243; _builder_version=&#8221;4.16&#8243; _module_preset=&#8221;default&#8221; global_colors_info=&#8221;{}&#8221;][et_pb_image src=&#8221;https:\/\/www.mixedabilitysports.org\/wp-content\/uploads\/IMAS-Kinball-01.jpg&#8221; title_text=&#8221;IMAS-Kinball-01&#8243; _builder_version=&#8221;4.19.5&#8243; _module_preset=&#8221;9d44f2da-f83b-4d65-8044-a49806776c82&#8243; global_colors_info=&#8221;{}&#8221;][\/et_pb_image][\/et_pb_column][\/et_pb_row][et_pb_row column_structure=&#8221;2_5,3_5&#8243; _builder_version=&#8221;4.19.5&#8243; _module_preset=&#8221;default&#8221; width=&#8221;90%&#8221; global_colors_info=&#8221;{}&#8221;][et_pb_column type=&#8221;2_5&#8243; _builder_version=&#8221;4.19.5&#8243; _module_preset=&#8221;default&#8221; global_colors_info=&#8221;{}&#8221;][et_pb_text _builder_version=&#8221;4.19.5&#8243; _module_preset=&#8221;52ee86fa-f61a-4b88-9088-886eb500f425&#8243; global_colors_info=&#8221;{}&#8221;]<\/p>\n<p>IMAS propone nuove ed entusiasmanti opportunit\u00e0 alle organizzazioni e alle imprese che non operano nello sport, affinch\u00e9 possano trarre vantaggio dalle competenze e dall\u2019esperienza dei nostri partecipanti. Tutto questo attraverso offerte di formazione incentrate sul lavoro di squadra, sulla comunicazione e sulla leadership diffusa, celebrando la diversit\u00e0 e promuovendo l\u2019uguaglianza.<\/p>\n<p>[\/et_pb_text][et_pb_divider color=&#8221;#EC7323&#8243; divider_weight=&#8221;2px&#8221; _builder_version=&#8221;4.19.5&#8243; _module_preset=&#8221;default&#8221; width=&#8221;30%&#8221; max_width=&#8221;50%&#8221; module_alignment=&#8221;left&#8221; custom_margin=&#8221;0px||10px||false|false&#8221; custom_padding=&#8221;||||false|false&#8221; locked=&#8221;off&#8221; global_colors_info=&#8221;{}&#8221;][\/et_pb_divider][\/et_pb_column][et_pb_column type=&#8221;3_5&#8243; _builder_version=&#8221;4.19.5&#8243; _module_preset=&#8221;default&#8221; global_colors_info=&#8221;{}&#8221;][et_pb_text _builder_version=&#8221;4.19.5&#8243; _module_preset=&#8221;52ee86fa-f61a-4b88-9088-886eb500f425&#8243; global_colors_info=&#8221;{}&#8221;]<\/p>\n<p>Ogni incontro di formazione \u00e8 costruito attorno alle vostre esigenze e coprodotta dal nostro team di formatori che sono \u2018esperti per esperienza vissuta\u2019, e che hanno affrontato e superato gli ostacoli ad una piena inclusione nella societ\u00e0. Tutte le nostre giornate di formazione e sviluppo prevedono attivit\u00e0 interattive, giochi cooperativi e sessioni pratiche che stimoleranno e rinvigoriranno il tuo team, attraverso modi diversi di interagire tra loro e con gli altri settori della tua comunit\u00e0.<\/p>\n<p>[\/et_pb_text][et_pb_button button_url=&#8221;mailto:contact@mixedabilitysports.org?Subject=IMAS%20Team%20Days&#8221; button_text=&#8221;Contattaci per saperne di pi\u00f9 &#8221; button_alignment=&#8221;right&#8221; _builder_version=&#8221;4.19.5&#8243; _module_preset=&#8221;default&#8221; custom_button=&#8221;on&#8221; button_bg_color=&#8221;#02916E&#8221; button_border_width=&#8221;0px&#8221; button_icon=&#8221;&#xe010;||divi||400&#8243; button_icon_placement=&#8221;left&#8221; button_on_hover=&#8221;off&#8221; global_colors_info=&#8221;{}&#8221; button_bg_color__hover_enabled=&#8221;on|desktop&#8221; button_bg_color__hover=&#8221;#1B475C&#8221; button_bg_enable_color__hover=&#8221;on&#8221;][\/et_pb_button][\/et_pb_column][\/et_pb_row][\/et_pb_section][et_pb_section fb_built=&#8221;1&#8243; admin_label=&#8221;TBVS &#8211; Light &#8211; Testimonials 9&#8243; module_class=&#8221;tbvs-section-light&#8221; _builder_version=&#8221;4.19.5&#8243; _module_preset=&#8221;default&#8221; background_color=&#8221;#1B475C&#8221; background_enable_image=&#8221;off&#8221; background_blend=&#8221;multiply&#8221; custom_margin=&#8221;||0px||false|false&#8221; custom_padding=&#8221;||100px||false|false&#8221; top_divider_style=&#8221;ramp2&#8243; top_divider_color=&#8221;#e4eff3&#8243; top_divider_flip=&#8221;vertical|horizontal&#8221; bottom_divider_style=&#8221;ramp2&#8243; bottom_divider_color=&#8221;#e4eff3&#8243; bottom_divider_flip=&#8221;horizontal|vertical&#8221; global_colors_info=&#8221;{}&#8221;][et_pb_row make_equal=&#8221;on&#8221; _builder_version=&#8221;4.20.2&#8243; _module_preset=&#8221;default&#8221; background_color=&#8221;RGBA(255,255,255,0)&#8221; width=&#8221;100%&#8221; max_width=&#8221;100%&#8221; custom_padding=&#8221;|0px||0px|false|false&#8221; global_colors_info=&#8221;{}&#8221;][et_pb_column type=&#8221;4_4&#8243; _builder_version=&#8221;4.19.5&#8243; _module_preset=&#8221;default&#8221; background_color=&#8221;RGBA(255,255,255,0)&#8221; custom_padding=&#8221;35px|35px|35px|35px|true|true&#8221; custom_padding_tablet=&#8221;&#8221; custom_padding_phone=&#8221;25px|25px|25px|25px|true|true&#8221; custom_padding_last_edited=&#8221;on|phone&#8221; global_colors_info=&#8221;{}&#8221;][et_pb_text _builder_version=&#8221;4.20.2&#8243; _module_preset=&#8221;default&#8221; header_2_font=&#8221;Montserrat|800|||||||&#8221; header_2_text_color=&#8221;#FFFFFF&#8221; header_2_font_size=&#8221;38px&#8221; header_2_line_height=&#8221;1.1em&#8221; header_3_text_color=&#8221;#FFFFFF&#8221; header_3_font_size=&#8221;25px&#8221; header_3_line_height=&#8221;1.3em&#8221; hover_enabled=&#8221;0&#8243; global_colors_info=&#8221;{}&#8221; sticky_enabled=&#8221;0&#8243; module_alignment=&#8221;center&#8221; width=&#8221;60%&#8221; header_3_text_align=&#8221;center&#8221;]<\/p>\n<h3><strong>Siamo orgogliosi di aver lavorato con molte organizzazioni di settori diversi, e il loro riscontro sul nostro operato viene sempre raccolto e utilizzato per migliorare la nostra offerta.<\/strong><\/h3>\n<p>[\/et_pb_text][dipl_testimonial_slider include_categories=&#8221;1249&#8243; show_rating=&#8221;off&#8221; testimonial_per_slide=&#8221;4&#8243; slides_per_group=&#8221;4&#8243; equalize_testimonials_height=&#8221;on&#8221; slider_loop=&#8221;on&#8221; slide_transition_duration=&#8221;5000&#8243; show_control_dot=&#8221;on&#8221; enable_dynamic_dots=&#8221;on&#8221; control_dot_active_color=&#8221;#EC7323&#8243; opening_quote_icon_color=&#8221;#EC7323&#8243; testimonial_per_slide_tablet=&#8221;2&#8243; testimonial_per_slide_phone=&#8221;1&#8243; _builder_version=&#8221;4.20.2&#8243; _module_preset=&#8221;default&#8221; body_font=&#8221;||on||||||&#8221; author_font=&#8221;Montserrat|700|||||||&#8221; author_text_color=&#8221;#1B475C&#8221; border_width_bottom_testimonial_card=&#8221;4px&#8221; border_color_bottom_testimonial_card=&#8221;#EC7323&#8243; box_shadow_style_single_post=&#8221;preset1&#8243; box_shadow_blur_single_post=&#8221;5px&#8221; box_shadow_color_single_post=&#8221;rgba(0,0,0,0.2)&#8221; global_colors_info=&#8221;{}&#8221;][\/dipl_testimonial_slider][\/et_pb_column][\/et_pb_row][\/et_pb_section][et_pb_section fb_built=&#8221;1&#8243; admin_label=&#8221;TBVS &#8211; Light &#8211; Content 7&#8243; module_class=&#8221;tbvs-section-light&#8221; _builder_version=&#8221;4.19.5&#8243; _module_preset=&#8221;default&#8221; background_color=&#8221;#e4eff3&#8243; custom_margin=&#8221;||||false|false&#8221; custom_padding=&#8221;10px||100px||false|false&#8221; top_divider_color=&#8221;#FFFFFF&#8221; top_divider_height=&#8221;300px&#8221; top_divider_flip=&#8221;vertical&#8221; bottom_divider_style=&#8221;asymmetric2&#8243; bottom_divider_color=&#8221;#FFFFFF&#8221; bottom_divider_repeat=&#8221;1x&#8221; bottom_divider_flip=&#8221;vertical&#8221; global_colors_info=&#8221;{}&#8221;][et_pb_row _builder_version=&#8221;4.19.5&#8243; _module_preset=&#8221;default&#8221; width=&#8221;90%&#8221; custom_padding=&#8221;0px||0px||false|false&#8221; global_colors_info=&#8221;{}&#8221;][et_pb_column type=&#8221;4_4&#8243; _builder_version=&#8221;4.19.5&#8243; _module_preset=&#8221;default&#8221; global_colors_info=&#8221;{}&#8221;][et_pb_divider color=&#8221;#EC7323&#8243; divider_weight=&#8221;2px&#8221; _builder_version=&#8221;4.19.5&#8243; _module_preset=&#8221;default&#8221; width=&#8221;15%&#8221; max_width=&#8221;15%&#8221; module_alignment=&#8221;left&#8221; custom_margin=&#8221;0px||10px||false|false&#8221; custom_padding=&#8221;||||false|false&#8221; locked=&#8221;off&#8221; global_colors_info=&#8221;{}&#8221;][\/et_pb_divider][\/et_pb_column][\/et_pb_row][et_pb_row column_structure=&#8221;1_3,1_3,1_3&#8243; _builder_version=&#8221;4.20.2&#8243; _module_preset=&#8221;default&#8221; width=&#8221;90%&#8221; custom_padding=&#8221;0px||0px||false|false&#8221; global_colors_info=&#8221;{}&#8221;][et_pb_column type=&#8221;1_3&#8243; _builder_version=&#8221;4.16&#8243; _module_preset=&#8221;default&#8221; custom_padding_tablet=&#8221;||30px||false|false&#8221; custom_padding_phone=&#8221;&#8221; custom_padding_last_edited=&#8221;on|tablet&#8221; global_colors_info=&#8221;{}&#8221;][et_pb_image src=&#8221;https:\/\/www.mixedabilitysports.org\/wp-content\/uploads\/20211120-CU5A6201.jpg&#8221; title_text=&#8221;20211120-CU5A6201&#8243; _builder_version=&#8221;4.20.2&#8243; _module_preset=&#8221;9d44f2da-f83b-4d65-8044-a49806776c82&#8243; box_shadow_style=&#8221;preset1&#8243; global_colors_info=&#8221;{}&#8221;][\/et_pb_image][\/et_pb_column][et_pb_column type=&#8221;1_3&#8243; _builder_version=&#8221;4.20.2&#8243; _module_preset=&#8221;default&#8221; global_colors_info=&#8221;{}&#8221;][et_pb_image src=&#8221;https:\/\/www.mixedabilitysports.org\/wp-content\/uploads\/W7-1.jpg&#8221; title_text=&#8221;W7-1&#8243; _builder_version=&#8221;4.20.2&#8243; _module_preset=&#8221;9d44f2da-f83b-4d65-8044-a49806776c82&#8243; box_shadow_style=&#8221;preset1&#8243; global_colors_info=&#8221;{}&#8221;][\/et_pb_image][\/et_pb_column][et_pb_column type=&#8221;1_3&#8243; _builder_version=&#8221;4.20.2&#8243; _module_preset=&#8221;default&#8221; global_colors_info=&#8221;{}&#8221;][et_pb_image src=&#8221;https:\/\/www.mixedabilitysports.org\/wp-content\/uploads\/login-bg-3-1.jpg&#8221; title_text=&#8221;login-bg-3&#8243; _builder_version=&#8221;4.20.2&#8243; _module_preset=&#8221;9d44f2da-f83b-4d65-8044-a49806776c82&#8243; box_shadow_style=&#8221;preset1&#8243; global_colors_info=&#8221;{}&#8221;][\/et_pb_image][\/et_pb_column][\/et_pb_row][et_pb_row _builder_version=&#8221;4.19.5&#8243; _module_preset=&#8221;default&#8221; custom_padding=&#8221;||0px||false|false&#8221; global_colors_info=&#8221;{}&#8221;][et_pb_column type=&#8221;4_4&#8243; _builder_version=&#8221;4.19.5&#8243; _module_preset=&#8221;default&#8221; global_colors_info=&#8221;{}&#8221;][et_pb_divider color=&#8221;#EC7323&#8243; divider_weight=&#8221;2px&#8221; _builder_version=&#8221;4.19.5&#8243; _module_preset=&#8221;default&#8221; width=&#8221;15%&#8221; max_width=&#8221;15%&#8221; module_alignment=&#8221;right&#8221; custom_margin=&#8221;0px||10px||false|false&#8221; custom_padding=&#8221;||||false|false&#8221; locked=&#8221;off&#8221; global_colors_info=&#8221;{}&#8221;][\/et_pb_divider][\/et_pb_column][\/et_pb_row][\/et_pb_section]<\/p>\n","protected":false},"excerpt":{"rendered":"<p><div class=\"et_pb_module dipl_double_color_heading dipl_double_color_heading_0 \">\n\t\t\t\t\n\t\t\t\t\n\t\t\t\t\n\t\t\t\t\n\t\t\t\t\n\t\t\t\t\n\t\t\t\t<div class=\"et_pb_module_inner\">\n\t\t\t\t\t<div class=\"dipl_text_wrapper\"><h2><\/h2><\/div>\n\t\t\t\t<\/div>\n\t\t\t<\/div>Credi che la tua organizzazione o impresa possa trarre vantaggio dall\u2019adottare modi innovativi per migliorare la comunicazione, la diversit\u00e0, l\u2019uguaglianza e la fiducia reciproca?Se \u00e8 cos\u00ec, ci piacerebbe discutere con te della nostra offerta formativa [&hellip;]<\/p>\n","protected":false},"author":1,"featured_media":0,"parent":0,"menu_order":10,"comment_status":"closed","ping_status":"closed","template":"","meta":{"_et_pb_use_builder":"on","_et_pb_old_content":"","_et_gb_content_width":"","footnotes":""},"class_list":["post-15995","page","type-page","status-publish","hentry"],"_links":{"self":[{"href":"https:\/\/www.mixedabilitysports.org\/it\/wp-json\/wp\/v2\/pages\/15995","targetHints":{"allow":["GET"]}}],"collection":[{"href":"https:\/\/www.mixedabilitysports.org\/it\/wp-json\/wp\/v2\/pages"}],"about":[{"href":"https:\/\/www.mixedabilitysports.org\/it\/wp-json\/wp\/v2\/types\/page"}],"author":[{"embeddable":true,"href":"https:\/\/www.mixedabilitysports.org\/it\/wp-json\/wp\/v2\/users\/1"}],"replies":[{"embeddable":true,"href":"https:\/\/www.mixedabilitysports.org\/it\/wp-json\/wp\/v2\/comments?post=15995"}],"version-history":[{"count":0,"href":"https:\/\/www.mixedabilitysports.org\/it\/wp-json\/wp\/v2\/pages\/15995\/revisions"}],"wp:attachment":[{"href":"https:\/\/www.mixedabilitysports.org\/it\/wp-json\/wp\/v2\/media?parent=15995"}],"curies":[{"name":"wp","href":"https:\/\/api.w.org\/{rel}","templated":true}]}}